{"id":1460,"date":"2022-01-29T13:35:10","date_gmt":"2022-01-29T12:35:10","guid":{"rendered":"https:\/\/optiker-garching.de\/?page_id=1460"},"modified":"2024-02-26T16:17:46","modified_gmt":"2024-02-26T15:17:46","slug":"elementor-1460","status":"publish","type":"page","link":"https:\/\/optiker-garching.de\/?page_id=1460","title":{"rendered":"Elementor #1460"},"content":{"rendered":"\t\t<div data-elementor-type=\"wp-page\" data-elementor-id=\"1460\" class=\"elementor elementor-1460\">\n\t\t\t\t\t\t\t\t\t<section class=\"elementor-section elementor-top-section elementor-element elementor-element-8c9e736 elementor-section-boxed elementor-section-height-default elementor-section-height-default\" data-id=\"8c9e736\" data-element_type=\"section\">\n\t\t\t\t\t\t<div class=\"elementor-container elementor-column-gap-default\">\n\t\t\t\t\t<div class=\"elementor-column elementor-col-100 elementor-top-column elementor-element elementor-element-bb9ea2f\" data-id=\"bb9ea2f\" data-element_type=\"column\">\n\t\t\t<div class=\"elementor-widget-wrap elementor-element-populated\">\n\t\t\t\t\t\t\t\t<div class=\"elementor-element elementor-element-07c4a46 elementor-widget elementor-widget-heading\" data-id=\"07c4a46\" data-element_type=\"widget\" data-widget_type=\"heading.default\">\n\t\t\t\t<div class=\"elementor-widget-container\">\n\t\t\t<style>\/*! elementor - v3.11.1 - 15-02-2023 *\/\n.elementor-heading-title{padding:0;margin:0;line-height:1}.elementor-widget-heading .elementor-heading-title[class*=elementor-size-]>a{color:inherit;font-size:inherit;line-height:inherit}.elementor-widget-heading .elementor-heading-title.elementor-size-small{font-size:15px}.elementor-widget-heading .elementor-heading-title.elementor-size-medium{font-size:19px}.elementor-widget-heading .elementor-heading-title.elementor-size-large{font-size:29px}.elementor-widget-heading .elementor-heading-title.elementor-size-xl{font-size:39px}.elementor-widget-heading .elementor-heading-title.elementor-size-xxl{font-size:59px}<\/style><h2 class=\"elementor-heading-title elementor-size-default\"><a href=\"\/sonnenbrille\">Sonnenbrille<\/a><\/h2>\t\t<\/div>\n\t\t\t\t<\/div>\n\t\t\t\t\t<\/div>\n\t\t<\/div>\n\t\t\t\t\t\t\t<\/div>\n\t\t<\/section>\n\t\t\t\t<section class=\"elementor-section elementor-top-section elementor-element elementor-element-4ddb182 elementor-section-boxed elementor-section-height-default elementor-section-height-default\" data-id=\"4ddb182\" data-element_type=\"section\">\n\t\t\t\t\t\t<div class=\"elementor-container elementor-column-gap-default\">\n\t\t\t\t\t<div class=\"elementor-column elementor-col-100 elementor-top-column elementor-element elementor-element-1652ac0\" data-id=\"1652ac0\" data-element_type=\"column\">\n\t\t\t<div class=\"elementor-widget-wrap elementor-element-populated\">\n\t\t\t\t\t\t\t\t<div class=\"elementor-element elementor-element-91ae199 elementor-widget elementor-widget-text-editor\" data-id=\"91ae199\" data-element_type=\"widget\" data-widget_type=\"text-editor.default\">\n\t\t\t\t<div class=\"elementor-widget-container\">\n\t\t\t<style>\/*! elementor - v3.11.1 - 15-02-2023 *\/\n.elementor-widget-text-editor.elementor-drop-cap-view-stacked .elementor-drop-cap{background-color:#818a91;color:#fff}.elementor-widget-text-editor.elementor-drop-cap-view-framed .elementor-drop-cap{color:#818a91;border:3px solid;background-color:transparent}.elementor-widget-text-editor:not(.elementor-drop-cap-view-default) .elementor-drop-cap{margin-top:8px}.elementor-widget-text-editor:not(.elementor-drop-cap-view-default) .elementor-drop-cap-letter{width:1em;height:1em}.elementor-widget-text-editor .elementor-drop-cap{float:left;text-align:center;line-height:1;font-size:50px}.elementor-widget-text-editor .elementor-drop-cap-letter{display:inline-block}<\/style>\t\t\t\t<p>Egal ob klassisch oder sportlich &#8211; bei uns finden Sie angesagte Sonnenbrillen bekannter Marken!<br \/>W\u00e4hrend der UV-Schutz der Haut seit vielen Jahren eine Selbstverst\u00e4ndlichkeit ist, kommt der UV Schutz der Augen heute oft viel zu kurz.<br \/>UV-Strahlung ist nicht nur ein Ph\u00e4nomen der sonnigen Jahreszeit, sondern tritt das ganze Jahr \u00fcber <br \/>auf. <br \/>Auf den UV-Schutz der Augen sollte, insbesondere bei Schnee und am Wasser, nicht verzichtet <br \/>werden.<br \/>Ohne entsprechenden Schutz kann es nach Jahren zu starken Sch\u00e4digungen der Netzhaut, der <br \/>Augenlinse und der Hornhaut kommen.<br \/>Deshalb empfehlen wir den besten UV-Schutz f\u00fcr Ihre Augen!<br \/>Beachten Sie: Bei Sonnenbrillen gibt es verschiedene T\u00f6nungsarten, um die Augen optimal zu <br \/>sch\u00fctzen. Wirklich perfekter UV-Schutz h\u00e4ngt nicht von der Abdunklung der Gl\u00e4ser ab, sondern wie <br \/>das Sonnenschutzglas verarbeitet ist und welche Eigenschaften es besitzt.<\/p><p>\u00a0<\/p><p>Sprechen Sie uns an. Wir beraten sie gerne!<\/p>\t\t\t\t\t\t<\/div>\n\t\t\t\t<\/div>\n\t\t\t\t<div class=\"elementor-element elementor-element-ba4ba3a elementor-widget elementor-widget-text-editor\" data-id=\"ba4ba3a\" data-element_type=\"widget\" data-widget_type=\"text-editor.default\">\n\t\t\t\t<div class=\"elementor-widget-container\">\n\t\t\t\t\t\t\t<h3>Unsere TOP Sonnenbrillenmarken<\/h3>\t\t\t\t\t\t<\/div>\n\t\t\t\t<\/div>\n\t\t\t\t<section class=\"elementor-section elementor-inner-section elementor-element elementor-element-a976320 elementor-section-boxed elementor-section-height-default elementor-section-height-default\" data-id=\"a976320\" data-element_type=\"section\">\n\t\t\t\t\t\t<div class=\"elementor-container elementor-column-gap-default\">\n\t\t\t\t\t<div class=\"elementor-column elementor-col-33 elementor-inner-column elementor-element elementor-element-6462cb1\" data-id=\"6462cb1\" data-element_type=\"column\">\n\t\t\t<div class=\"elementor-widget-wrap elementor-element-populated\">\n\t\t\t\t\t\t\t\t<div class=\"elementor-element elementor-element-0842074 elementor-position-top elementor-vertical-align-top elementor-widget elementor-widget-image-box\" data-id=\"0842074\" data-element_type=\"widget\" data-widget_type=\"image-box.default\">\n\t\t\t\t<div class=\"elementor-widget-container\">\n\t\t\t<style>\/*! elementor - v3.11.1 - 15-02-2023 *\/\n.elementor-widget-image-box .elementor-image-box-content{width:100%}@media (min-width:768px){.elementor-widget-image-box.elementor-position-left .elementor-image-box-wrapper,.elementor-widget-image-box.elementor-position-right .elementor-image-box-wrapper{display:flex}.elementor-widget-image-box.elementor-position-right .elementor-image-box-wrapper{text-align:right;flex-direction:row-reverse}.elementor-widget-image-box.elementor-position-left .elementor-image-box-wrapper{text-align:left;flex-direction:row}.elementor-widget-image-box.elementor-position-top .elementor-image-box-img{margin:auto}.elementor-widget-image-box.elementor-vertical-align-top .elementor-image-box-wrapper{align-items:flex-start}.elementor-widget-image-box.elementor-vertical-align-middle .elementor-image-box-wrapper{align-items:center}.elementor-widget-image-box.elementor-vertical-align-bottom .elementor-image-box-wrapper{align-items:flex-end}}@media (max-width:767px){.elementor-widget-image-box .elementor-image-box-img{margin-left:auto!important;margin-right:auto!important;margin-bottom:15px}}.elementor-widget-image-box .elementor-image-box-img{display:inline-block}.elementor-widget-image-box .elementor-image-box-title a{color:inherit}.elementor-widget-image-box .elementor-image-box-wrapper{text-align:center}.elementor-widget-image-box .elementor-image-box-description{margin:0}<\/style><div class=\"elementor-image-box-wrapper\"><figure class=\"elementor-image-box-img\"><img decoding=\"async\" width=\"2362\" height=\"472\" src=\"https:\/\/optiker-garching.de\/wp-content\/uploads\/2024\/02\/MINADI-Logo.jpg\" class=\"attachment-full size-full wp-image-2597\" alt=\"\" loading=\"lazy\" srcset=\"https:\/\/optiker-garching.de\/wp-content\/uploads\/2024\/02\/MINADI-Logo.jpg 2362w, https:\/\/optiker-garching.de\/wp-content\/uploads\/2024\/02\/MINADI-Logo-300x60.jpg 300w, https:\/\/optiker-garching.de\/wp-content\/uploads\/2024\/02\/MINADI-Logo-1024x205.jpg 1024w, https:\/\/optiker-garching.de\/wp-content\/uploads\/2024\/02\/MINADI-Logo-768x153.jpg 768w, https:\/\/optiker-garching.de\/wp-content\/uploads\/2024\/02\/MINADI-Logo-1536x307.jpg 1536w, https:\/\/optiker-garching.de\/wp-content\/uploads\/2024\/02\/MINADI-Logo-2048x409.jpg 2048w\" sizes=\"(max-width: 2362px) 100vw, 2362px\" \/><\/figure><\/div>\t\t<\/div>\n\t\t\t\t<\/div>\n\t\t\t\t\t<\/div>\n\t\t<\/div>\n\t\t\t\t<div class=\"elementor-column elementor-col-33 elementor-inner-column elementor-element elementor-element-ff03ea4\" data-id=\"ff03ea4\" data-element_type=\"column\">\n\t\t\t<div class=\"elementor-widget-wrap elementor-element-populated\">\n\t\t\t\t\t\t\t\t<div class=\"elementor-element elementor-element-eb794ac elementor-position-top elementor-vertical-align-top elementor-widget elementor-widget-image-box\" data-id=\"eb794ac\" data-element_type=\"widget\" data-widget_type=\"image-box.default\">\n\t\t\t\t<div class=\"elementor-widget-container\">\n\t\t\t<div class=\"elementor-image-box-wrapper\"><figure class=\"elementor-image-box-img\"><img decoding=\"async\" width=\"313\" height=\"50\" src=\"https:\/\/optiker-garching.de\/wp-content\/uploads\/2024\/02\/Prada.jpg\" class=\"attachment-full size-full wp-image-2618\" alt=\"\" loading=\"lazy\" srcset=\"https:\/\/optiker-garching.de\/wp-content\/uploads\/2024\/02\/Prada.jpg 313w, https:\/\/optiker-garching.de\/wp-content\/uploads\/2024\/02\/Prada-300x48.jpg 300w\" sizes=\"(max-width: 313px) 100vw, 313px\" \/><\/figure><\/div>\t\t<\/div>\n\t\t\t\t<\/div>\n\t\t\t\t\t<\/div>\n\t\t<\/div>\n\t\t\t\t<div class=\"elementor-column elementor-col-33 elementor-inner-column elementor-element elementor-element-367c30c\" data-id=\"367c30c\" data-element_type=\"column\">\n\t\t\t<div class=\"elementor-widget-wrap elementor-element-populated\">\n\t\t\t\t\t\t\t\t<div class=\"elementor-element elementor-element-9cf6209 elementor-position-top elementor-vertical-align-top elementor-widget elementor-widget-image-box\" data-id=\"9cf6209\" data-element_type=\"widget\" data-widget_type=\"image-box.default\">\n\t\t\t\t<div class=\"elementor-widget-container\">\n\t\t\t<div class=\"elementor-image-box-wrapper\"><figure class=\"elementor-image-box-img\"><img decoding=\"async\" width=\"482\" height=\"78\" src=\"https:\/\/optiker-garching.de\/wp-content\/uploads\/2024\/02\/BE_Logo.jpg\" class=\"attachment-full size-full wp-image-2619\" alt=\"\" loading=\"lazy\" srcset=\"https:\/\/optiker-garching.de\/wp-content\/uploads\/2024\/02\/BE_Logo.jpg 482w, https:\/\/optiker-garching.de\/wp-content\/uploads\/2024\/02\/BE_Logo-300x49.jpg 300w\" sizes=\"(max-width: 482px) 100vw, 482px\" \/><\/figure><\/div>\t\t<\/div>\n\t\t\t\t<\/div>\n\t\t\t\t\t<\/div>\n\t\t<\/div>\n\t\t\t\t\t\t\t<\/div>\n\t\t<\/section>\n\t\t\t\t<section class=\"elementor-section elementor-inner-section elementor-element elementor-element-2495b22 elementor-section-boxed elementor-section-height-default elementor-section-height-default\" data-id=\"2495b22\" data-element_type=\"section\">\n\t\t\t\t\t\t<div class=\"elementor-container elementor-column-gap-default\">\n\t\t\t\t\t<div class=\"elementor-column elementor-col-33 elementor-inner-column elementor-element elementor-element-19bd174\" data-id=\"19bd174\" data-element_type=\"column\">\n\t\t\t<div class=\"elementor-widget-wrap elementor-element-populated\">\n\t\t\t\t\t\t\t\t<div class=\"elementor-element elementor-element-0b62ef5 elementor-position-top elementor-vertical-align-top elementor-widget elementor-widget-image-box\" data-id=\"0b62ef5\" data-element_type=\"widget\" data-widget_type=\"image-box.default\">\n\t\t\t\t<div class=\"elementor-widget-container\">\n\t\t\t<div class=\"elementor-image-box-wrapper\"><figure class=\"elementor-image-box-img\"><img decoding=\"async\" width=\"1488\" height=\"618\" src=\"https:\/\/optiker-garching.de\/wp-content\/uploads\/2024\/02\/Mexx_300x1000.jpg\" class=\"attachment-full size-full wp-image-2595\" alt=\"\" loading=\"lazy\" srcset=\"https:\/\/optiker-garching.de\/wp-content\/uploads\/2024\/02\/Mexx_300x1000.jpg 1488w, https:\/\/optiker-garching.de\/wp-content\/uploads\/2024\/02\/Mexx_300x1000-300x125.jpg 300w, https:\/\/optiker-garching.de\/wp-content\/uploads\/2024\/02\/Mexx_300x1000-1024x425.jpg 1024w, https:\/\/optiker-garching.de\/wp-content\/uploads\/2024\/02\/Mexx_300x1000-768x319.jpg 768w\" sizes=\"(max-width: 1488px) 100vw, 1488px\" \/><\/figure><\/div>\t\t<\/div>\n\t\t\t\t<\/div>\n\t\t\t\t\t<\/div>\n\t\t<\/div>\n\t\t\t\t<div class=\"elementor-column elementor-col-33 elementor-inner-column elementor-element elementor-element-97f313d\" data-id=\"97f313d\" data-element_type=\"column\">\n\t\t\t<div class=\"elementor-widget-wrap elementor-element-populated\">\n\t\t\t\t\t\t\t\t<div class=\"elementor-element elementor-element-693cb88 elementor-position-top elementor-vertical-align-top elementor-widget elementor-widget-image-box\" data-id=\"693cb88\" data-element_type=\"widget\" data-widget_type=\"image-box.default\">\n\t\t\t\t<div class=\"elementor-widget-container\">\n\t\t\t<div class=\"elementor-image-box-wrapper\"><figure class=\"elementor-image-box-img\"><img decoding=\"async\" width=\"556\" height=\"91\" src=\"https:\/\/optiker-garching.de\/wp-content\/uploads\/2024\/02\/Ralph.png\" class=\"attachment-full size-full wp-image-2620\" alt=\"\" loading=\"lazy\" srcset=\"https:\/\/optiker-garching.de\/wp-content\/uploads\/2024\/02\/Ralph.png 556w, https:\/\/optiker-garching.de\/wp-content\/uploads\/2024\/02\/Ralph-300x49.png 300w\" sizes=\"(max-width: 556px) 100vw, 556px\" \/><\/figure><\/div>\t\t<\/div>\n\t\t\t\t<\/div>\n\t\t\t\t\t<\/div>\n\t\t<\/div>\n\t\t\t\t<div class=\"elementor-column elementor-col-33 elementor-inner-column elementor-element elementor-element-5e75045\" data-id=\"5e75045\" data-element_type=\"column\">\n\t\t\t<div class=\"elementor-widget-wrap elementor-element-populated\">\n\t\t\t\t\t\t\t\t<div class=\"elementor-element elementor-element-20eb400 elementor-position-top elementor-vertical-align-top elementor-widget elementor-widget-image-box\" data-id=\"20eb400\" data-element_type=\"widget\" data-widget_type=\"image-box.default\">\n\t\t\t\t<div class=\"elementor-widget-container\">\n\t\t\t<div class=\"elementor-image-box-wrapper\"><figure class=\"elementor-image-box-img\"><img decoding=\"async\" width=\"1726\" height=\"300\" src=\"https:\/\/optiker-garching.de\/wp-content\/uploads\/2024\/02\/Longchamp.png\" class=\"attachment-full size-full wp-image-2600\" alt=\"\" loading=\"lazy\" srcset=\"https:\/\/optiker-garching.de\/wp-content\/uploads\/2024\/02\/Longchamp.png 1726w, https:\/\/optiker-garching.de\/wp-content\/uploads\/2024\/02\/Longchamp-300x52.png 300w, https:\/\/optiker-garching.de\/wp-content\/uploads\/2024\/02\/Longchamp-1024x178.png 1024w, https:\/\/optiker-garching.de\/wp-content\/uploads\/2024\/02\/Longchamp-768x133.png 768w, https:\/\/optiker-garching.de\/wp-content\/uploads\/2024\/02\/Longchamp-1536x267.png 1536w\" sizes=\"(max-width: 1726px) 100vw, 1726px\" \/><\/figure><\/div>\t\t<\/div>\n\t\t\t\t<\/div>\n\t\t\t\t\t<\/div>\n\t\t<\/div>\n\t\t\t\t\t\t\t<\/div>\n\t\t<\/section>\n\t\t\t\t<div class=\"elementor-element elementor-element-0488e98 elementor-widget elementor-widget-spacer\" data-id=\"0488e98\" data-element_type=\"widget\" data-widget_type=\"spacer.default\">\n\t\t\t\t<div class=\"elementor-widget-container\">\n\t\t\t<style>\/*! elementor - v3.11.1 - 15-02-2023 *\/\n.elementor-column .elementor-spacer-inner{height:var(--spacer-size)}.e-con{--container-widget-width:100%}.e-con-inner>.elementor-widget-spacer,.e-con>.elementor-widget-spacer{width:var(--container-widget-width,var(--spacer-size));--align-self:var(--container-widget-align-self,initial);--flex-shrink:0}.e-con-inner>.elementor-widget-spacer>.elementor-widget-container,.e-con-inner>.elementor-widget-spacer>.elementor-widget-container>.elementor-spacer,.e-con>.elementor-widget-spacer>.elementor-widget-container,.e-con>.elementor-widget-spacer>.elementor-widget-container>.elementor-spacer{height:100%}.e-con-inner>.elementor-widget-spacer>.elementor-widget-container>.elementor-spacer>.elementor-spacer-inner,.e-con>.elementor-widget-spacer>.elementor-widget-container>.elementor-spacer>.elementor-spacer-inner{height:var(--container-widget-height,var(--spacer-size))}<\/style>\t\t<div class=\"elementor-spacer\">\n\t\t\t<div class=\"elementor-spacer-inner\"><\/div>\n\t\t<\/div>\n\t\t\t\t<\/div>\n\t\t\t\t<\/div>\n\t\t\t\t\t<\/div>\n\t\t<\/div>\n\t\t\t\t\t\t\t<\/div>\n\t\t<\/section>\n\t\t\t\t\t\t\t<\/div>\n\t\t","protected":false},"excerpt":{"rendered":"<p>Sonnenbrille Egal ob klassisch oder sportlich &#8211; bei uns finden Sie angesagte Sonnenbrillen bekannter Marken!W\u00e4hrend der UV-Schutz der Haut seit vielen Jahren eine Selbstverst\u00e4ndlichkeit ist, kommt der UV Schutz der &hellip;<\/p>\n<p class=\"read-more\"> <a class=\"\" href=\"https:\/\/optiker-garching.de\/?page_id=1460\"> <span class=\"screen-reader-text\">Elementor #1460<\/span> Weiterlesen &raquo;<\/a><\/p>\n","protected":false},"author":1,"featured_media":0,"parent":0,"menu_order":0,"comment_status":"closed","ping_status":"closed","template":"","meta":{"site-sidebar-layout":"no-sidebar","site-content-layout":"page-builder","ast-global-header-display":"","ast-main-header-display":"","ast-hfb-above-header-display":"","ast-hfb-below-header-display":"","ast-hfb-mobile-header-display":"","site-post-title":"disabled","ast-breadcrumbs-content":"","ast-featured-img":"disabled","footer-sml-layout":"","theme-transparent-header-meta":"","adv-header-id-meta":"","stick-header-meta":"","header-above-stick-meta":"","header-main-stick-meta":"","header-below-stick-meta":""},"_links":{"self":[{"href":"https:\/\/optiker-garching.de\/index.php?rest_route=\/wp\/v2\/pages\/1460"}],"collection":[{"href":"https:\/\/optiker-garching.de\/index.php?rest_route=\/wp\/v2\/pages"}],"about":[{"href":"https:\/\/optiker-garching.de\/index.php?rest_route=\/wp\/v2\/types\/page"}],"author":[{"embeddable":true,"href":"https:\/\/optiker-garching.de\/index.php?rest_route=\/wp\/v2\/users\/1"}],"replies":[{"embeddable":true,"href":"https:\/\/optiker-garching.de\/index.php?rest_route=%2Fwp%2Fv2%2Fcomments&post=1460"}],"version-history":[{"count":25,"href":"https:\/\/optiker-garching.de\/index.php?rest_route=\/wp\/v2\/pages\/1460\/revisions"}],"predecessor-version":[{"id":2656,"href":"https:\/\/optiker-garching.de\/index.php?rest_route=\/wp\/v2\/pages\/1460\/revisions\/2656"}],"wp:attachment":[{"href":"https:\/\/optiker-garching.de\/index.php?rest_route=%2Fwp%2Fv2%2Fmedia&parent=1460"}],"curies":[{"name":"wp","href":"https:\/\/api.w.org\/{rel}","templated":true}]}}