{"id":1487,"date":"2022-01-29T13:51:14","date_gmt":"2022-01-29T12:51:14","guid":{"rendered":"https:\/\/optiker-garching.de\/?page_id=1487"},"modified":"2024-06-04T12:17:23","modified_gmt":"2024-06-04T10:17:23","slug":"unsere-leistungen","status":"publish","type":"page","link":"https:\/\/optiker-garching.de\/?page_id=1487","title":{"rendered":"Unsere Leistungen"},"content":{"rendered":"\t\t<div data-elementor-type=\"wp-page\" data-elementor-id=\"1487\" class=\"elementor elementor-1487\">\n\t\t\t\t\t\t\t\t\t<section class=\"elementor-section elementor-top-section elementor-element elementor-element-2e19d0e elementor-section-boxed elementor-section-height-default elementor-section-height-default\" data-id=\"2e19d0e\" data-element_type=\"section\">\n\t\t\t\t\t\t<div class=\"elementor-container elementor-column-gap-default\">\n\t\t\t\t\t<div class=\"elementor-column elementor-col-100 elementor-top-column elementor-element elementor-element-9ac61a2\" data-id=\"9ac61a2\" data-element_type=\"column\">\n\t\t\t<div class=\"elementor-widget-wrap elementor-element-populated\">\n\t\t\t\t\t\t\t\t<div class=\"elementor-element elementor-element-55aaf1c elementor-widget elementor-widget-heading\" data-id=\"55aaf1c\" data-element_type=\"widget\" data-widget_type=\"heading.default\">\n\t\t\t\t<div class=\"elementor-widget-container\">\n\t\t\t<style>\/*! elementor - v3.11.1 - 15-02-2023 *\/\n.elementor-heading-title{padding:0;margin:0;line-height:1}.elementor-widget-heading .elementor-heading-title[class*=elementor-size-]>a{color:inherit;font-size:inherit;line-height:inherit}.elementor-widget-heading .elementor-heading-title.elementor-size-small{font-size:15px}.elementor-widget-heading .elementor-heading-title.elementor-size-medium{font-size:19px}.elementor-widget-heading .elementor-heading-title.elementor-size-large{font-size:29px}.elementor-widget-heading .elementor-heading-title.elementor-size-xl{font-size:39px}.elementor-widget-heading .elementor-heading-title.elementor-size-xxl{font-size:59px}<\/style><h2 class=\"elementor-heading-title elementor-size-default\">Unsere Leistungen<\/h2>\t\t<\/div>\n\t\t\t\t<\/div>\n\t\t\t\t\t<\/div>\n\t\t<\/div>\n\t\t\t\t\t\t\t<\/div>\n\t\t<\/section>\n\t\t\t\t<section class=\"elementor-section elementor-top-section elementor-element elementor-element-9a28bd7 elementor-section-boxed elementor-section-height-default elementor-section-height-default\" data-id=\"9a28bd7\" data-element_type=\"section\">\n\t\t\t\t\t\t<div class=\"elementor-container elementor-column-gap-default\">\n\t\t\t\t\t<div class=\"elementor-column elementor-col-100 elementor-top-column elementor-element elementor-element-916c84f\" data-id=\"916c84f\" data-element_type=\"column\">\n\t\t\t<div class=\"elementor-widget-wrap elementor-element-populated\">\n\t\t\t\t\t\t\t\t<div class=\"elementor-element elementor-element-dc927da elementor-widget elementor-widget-text-editor\" data-id=\"dc927da\" data-element_type=\"widget\" data-widget_type=\"text-editor.default\">\n\t\t\t\t<div class=\"elementor-widget-container\">\n\t\t\t<style>\/*! elementor - v3.11.1 - 15-02-2023 *\/\n.elementor-widget-text-editor.elementor-drop-cap-view-stacked .elementor-drop-cap{background-color:#818a91;color:#fff}.elementor-widget-text-editor.elementor-drop-cap-view-framed .elementor-drop-cap{color:#818a91;border:3px solid;background-color:transparent}.elementor-widget-text-editor:not(.elementor-drop-cap-view-default) .elementor-drop-cap{margin-top:8px}.elementor-widget-text-editor:not(.elementor-drop-cap-view-default) .elementor-drop-cap-letter{width:1em;height:1em}.elementor-widget-text-editor .elementor-drop-cap{float:left;text-align:center;line-height:1;font-size:50px}.elementor-widget-text-editor .elementor-drop-cap-letter{display:inline-block}<\/style>\t\t\t\t<p><b>Augenglasbestimmung<\/b><\/p>\n<p>In Folge einer neu ausgesuchten Brille vermessen wir ihre Augen mit Hilfe pr\u00e4ziser Messverfahren.<\/p>\n<p><b><br><\/b><\/p>\n<p><\/p>\n<p><b>Kontaktlinsenanpassung<\/b><\/p>\n<p>Um langfristig Freude am Kontaktlinsentragen zu haben ist eine pr\u00e4zise Kontaktlinsenanpassung das A und O.<\/p>\n<p>Vereinbaren Sie f\u00fcr ihre individuelle Kontaktlinsenanpassung bitte einen Termin.<\/p>\n<p><br><\/p>\n<p><\/p>\n<p><b style=\"\">Verglasung der Brillen in hauseigener Werkstatt<\/b><\/p>\n<p>Um ihnen schnellen Service zu gew\u00e4hrleisten verglasen wir fast alle Brillen in unserer hauseigenen Werkstatt.<\/p>\n<p><br><\/p>\n<p><\/p>\n<p><b>Low Vision Beratung<\/b><\/p>\n<p>Wenn das Sehen im Alter oder bei bestimmten Augenerkrankungen (z.B. Altersbedingter Makuladegeneration) schwierig wird bieten wir ihnen eine ausf\u00fchrliche Low Vision Beratung an.<\/p>\n<p>Vereinbaren Sie f\u00fcr ihre individuelle Low Vision Beratung bitte einen Termin.<\/p><p><br><\/p><p><b>Hausbesuche<\/b><\/p><p>Gerne kommen wir f\u00fcr die Vermessung einer neuen Brille gerne zu Ihnen nach Hause. Vereinbaren Sie f\u00fcr den Hausbesuch bitte einen Termin.<br><\/p>\n<p><br><\/p>\n<p><\/p>\n<p><b>Brillenreparaturen<\/b><\/p>\n<p>In unserer hauseigenen Werkstatt f\u00fchren wir Brillenreparaturen jeglicher Art durch. Haben sie eine defekte Brille? Sprechen Sie uns an, wir beraten sie gerne \u00fcber die M\u00f6glichkeiten einer Reparatur!<\/p>\n<p><br><\/p>\n<p><\/p>\n<p><b>F\u00fchrerscheinsehtest<\/b><\/p>\n<p>Wir sind amtlich anerkannte F\u00fchrerscheinsehteststelle f\u00fcr die F\u00fchrerscheinklassen A, A1, B, BE, M, L und T.<\/p>\n<p>Bitte denken Sie f\u00fcr den F\u00fchrerscheinsehtest an Ihren Personalausweis oder Reisepass.<\/p>\n<p><br><\/p>\n<p><\/p>\n<p><b>Kostenlose Ultraschalreinigung<\/b><\/p>\n<p>Ein Ultraschallreinigungsger\u00e4t versetzt Fl\u00fcssigkeit in Schwingungen. Die durch den Unter- und \u00dcberdruck erzeugen mikroskopisch kleine Bl\u00e4schen l\u00f6sen hartn\u00e4ckige Verschmutzungen und Krusten, damit Ihre Brille wieder im neuen Glanz erscheint.<\/p>\n<p><\/p>\n<p><br><\/p>\t\t\t\t\t\t<\/div>\n\t\t\t\t<\/div>\n\t\t\t\t\t<\/div>\n\t\t<\/div>\n\t\t\t\t\t\t\t<\/div>\n\t\t<\/section>\n\t\t\t\t\t\t\t<\/div>\n\t\t","protected":false},"excerpt":{"rendered":"<p>Unsere Leistungen Augenglasbestimmung In Folge einer neu ausgesuchten Brille vermessen wir ihre Augen mit Hilfe pr\u00e4ziser Messverfahren. Kontaktlinsenanpassung Um langfristig Freude am Kontaktlinsentragen zu haben ist eine pr\u00e4zise Kontaktlinsenanpassung das &hellip;<\/p>\n<p class=\"read-more\"> <a class=\"\" href=\"https:\/\/optiker-garching.de\/?page_id=1487\"> <span class=\"screen-reader-text\">Unsere Leistungen<\/span> Weiterlesen &raquo;<\/a><\/p>\n","protected":false},"author":1,"featured_media":0,"parent":0,"menu_order":0,"comment_status":"closed","ping_status":"closed","template":"","meta":{"site-sidebar-layout":"no-sidebar","site-content-layout":"page-builder","ast-global-header-display":"","ast-main-header-display":"","ast-hfb-above-header-display":"","ast-hfb-below-header-display":"","ast-hfb-mobile-header-display":"","site-post-title":"disabled","ast-breadcrumbs-content":"","ast-featured-img":"disabled","footer-sml-layout":"","theme-transparent-header-meta":"","adv-header-id-meta":"","stick-header-meta":"","header-above-stick-meta":"","header-main-stick-meta":"","header-below-stick-meta":""},"_links":{"self":[{"href":"https:\/\/optiker-garching.de\/index.php?rest_route=\/wp\/v2\/pages\/1487"}],"collection":[{"href":"https:\/\/optiker-garching.de\/index.php?rest_route=\/wp\/v2\/pages"}],"about":[{"href":"https:\/\/optiker-garching.de\/index.php?rest_route=\/wp\/v2\/types\/page"}],"author":[{"embeddable":true,"href":"https:\/\/optiker-garching.de\/index.php?rest_route=\/wp\/v2\/users\/1"}],"replies":[{"embeddable":true,"href":"https:\/\/optiker-garching.de\/index.php?rest_route=%2Fwp%2Fv2%2Fcomments&post=1487"}],"version-history":[{"count":16,"href":"https:\/\/optiker-garching.de\/index.php?rest_route=\/wp\/v2\/pages\/1487\/revisions"}],"predecessor-version":[{"id":2734,"href":"https:\/\/optiker-garching.de\/index.php?rest_route=\/wp\/v2\/pages\/1487\/revisions\/2734"}],"wp:attachment":[{"href":"https:\/\/optiker-garching.de\/index.php?rest_route=%2Fwp%2Fv2%2Fmedia&parent=1487"}],"curies":[{"name":"wp","href":"https:\/\/api.w.org\/{rel}","templated":true}]}}