{"id":1489,"date":"2022-01-29T13:51:24","date_gmt":"2022-01-29T12:51:24","guid":{"rendered":"https:\/\/optiker-garching.de\/?page_id=1489"},"modified":"2024-06-04T12:29:25","modified_gmt":"2024-06-04T10:29:25","slug":"team","status":"publish","type":"page","link":"https:\/\/optiker-garching.de\/?page_id=1489","title":{"rendered":"Team"},"content":{"rendered":"\t\t<div data-elementor-type=\"wp-page\" data-elementor-id=\"1489\" class=\"elementor elementor-1489\">\n\t\t\t\t\t\t\t\t\t<section class=\"elementor-section elementor-top-section elementor-element elementor-element-3f8e44c elementor-section-boxed elementor-section-height-default elementor-section-height-default\" data-id=\"3f8e44c\" data-element_type=\"section\">\n\t\t\t\t\t\t<div class=\"elementor-container elementor-column-gap-default\">\n\t\t\t\t\t<div class=\"elementor-column elementor-col-100 elementor-top-column elementor-element elementor-element-578a781\" data-id=\"578a781\" data-element_type=\"column\">\n\t\t\t<div class=\"elementor-widget-wrap elementor-element-populated\">\n\t\t\t\t\t\t\t\t<div class=\"elementor-element elementor-element-5c66fb3 elementor-widget elementor-widget-heading\" data-id=\"5c66fb3\" data-element_type=\"widget\" data-widget_type=\"heading.default\">\n\t\t\t\t<div class=\"elementor-widget-container\">\n\t\t\t<style>\/*! elementor - v3.11.1 - 15-02-2023 *\/\n.elementor-heading-title{padding:0;margin:0;line-height:1}.elementor-widget-heading .elementor-heading-title[class*=elementor-size-]>a{color:inherit;font-size:inherit;line-height:inherit}.elementor-widget-heading .elementor-heading-title.elementor-size-small{font-size:15px}.elementor-widget-heading .elementor-heading-title.elementor-size-medium{font-size:19px}.elementor-widget-heading .elementor-heading-title.elementor-size-large{font-size:29px}.elementor-widget-heading .elementor-heading-title.elementor-size-xl{font-size:39px}.elementor-widget-heading .elementor-heading-title.elementor-size-xxl{font-size:59px}<\/style><h2 class=\"elementor-heading-title elementor-size-default\">Team<\/h2>\t\t<\/div>\n\t\t\t\t<\/div>\n\t\t\t\t<div class=\"elementor-element elementor-element-c22bbb5 elementor-position-left elementor-vertical-align-top elementor-widget elementor-widget-image-box\" data-id=\"c22bbb5\" data-element_type=\"widget\" data-widget_type=\"image-box.default\">\n\t\t\t\t<div class=\"elementor-widget-container\">\n\t\t\t<style>\/*! elementor - v3.11.1 - 15-02-2023 *\/\n.elementor-widget-image-box .elementor-image-box-content{width:100%}@media (min-width:768px){.elementor-widget-image-box.elementor-position-left .elementor-image-box-wrapper,.elementor-widget-image-box.elementor-position-right .elementor-image-box-wrapper{display:flex}.elementor-widget-image-box.elementor-position-right .elementor-image-box-wrapper{text-align:right;flex-direction:row-reverse}.elementor-widget-image-box.elementor-position-left .elementor-image-box-wrapper{text-align:left;flex-direction:row}.elementor-widget-image-box.elementor-position-top .elementor-image-box-img{margin:auto}.elementor-widget-image-box.elementor-vertical-align-top .elementor-image-box-wrapper{align-items:flex-start}.elementor-widget-image-box.elementor-vertical-align-middle .elementor-image-box-wrapper{align-items:center}.elementor-widget-image-box.elementor-vertical-align-bottom .elementor-image-box-wrapper{align-items:flex-end}}@media (max-width:767px){.elementor-widget-image-box .elementor-image-box-img{margin-left:auto!important;margin-right:auto!important;margin-bottom:15px}}.elementor-widget-image-box .elementor-image-box-img{display:inline-block}.elementor-widget-image-box .elementor-image-box-title a{color:inherit}.elementor-widget-image-box .elementor-image-box-wrapper{text-align:center}.elementor-widget-image-box .elementor-image-box-description{margin:0}<\/style><div class=\"elementor-image-box-wrapper\"><figure class=\"elementor-image-box-img\"><img decoding=\"async\" width=\"2560\" height=\"1849\" src=\"https:\/\/optiker-garching.de\/wp-content\/uploads\/2022\/12\/b0928d63-scaled.jpg\" class=\"attachment-full size-full wp-image-2379\" alt=\"\" loading=\"lazy\" srcset=\"https:\/\/optiker-garching.de\/wp-content\/uploads\/2022\/12\/b0928d63-scaled.jpg 2560w, https:\/\/optiker-garching.de\/wp-content\/uploads\/2022\/12\/b0928d63-300x217.jpg 300w, https:\/\/optiker-garching.de\/wp-content\/uploads\/2022\/12\/b0928d63-1024x740.jpg 1024w, https:\/\/optiker-garching.de\/wp-content\/uploads\/2022\/12\/b0928d63-768x555.jpg 768w, https:\/\/optiker-garching.de\/wp-content\/uploads\/2022\/12\/b0928d63-1536x1109.jpg 1536w, https:\/\/optiker-garching.de\/wp-content\/uploads\/2022\/12\/b0928d63-2048x1479.jpg 2048w\" sizes=\"(max-width: 2560px) 100vw, 2560px\" \/><\/figure><div class=\"elementor-image-box-content\"><h3 class=\"elementor-image-box-title\">Birgit Altmeyer<\/h3><p class=\"elementor-image-box-description\">Augenoptikerin, Gesch\u00e4ftsf\u00fchrerin, Gesellschafterin<\/p><\/div><\/div>\t\t<\/div>\n\t\t\t\t<\/div>\n\t\t\t\t<div class=\"elementor-element elementor-element-3174e17 elementor-position-left elementor-vertical-align-top elementor-widget elementor-widget-image-box\" data-id=\"3174e17\" data-element_type=\"widget\" data-widget_type=\"image-box.default\">\n\t\t\t\t<div class=\"elementor-widget-container\">\n\t\t\t<div class=\"elementor-image-box-wrapper\"><figure class=\"elementor-image-box-img\"><img decoding=\"async\" width=\"2560\" height=\"1849\" src=\"https:\/\/optiker-garching.de\/wp-content\/uploads\/2022\/12\/19ea06e3-scaled.jpg\" class=\"attachment-full size-full wp-image-2380\" alt=\"\" loading=\"lazy\" srcset=\"https:\/\/optiker-garching.de\/wp-content\/uploads\/2022\/12\/19ea06e3-scaled.jpg 2560w, https:\/\/optiker-garching.de\/wp-content\/uploads\/2022\/12\/19ea06e3-300x217.jpg 300w, https:\/\/optiker-garching.de\/wp-content\/uploads\/2022\/12\/19ea06e3-1024x740.jpg 1024w, https:\/\/optiker-garching.de\/wp-content\/uploads\/2022\/12\/19ea06e3-768x555.jpg 768w, https:\/\/optiker-garching.de\/wp-content\/uploads\/2022\/12\/19ea06e3-1536x1109.jpg 1536w, https:\/\/optiker-garching.de\/wp-content\/uploads\/2022\/12\/19ea06e3-2048x1479.jpg 2048w\" sizes=\"(max-width: 2560px) 100vw, 2560px\" \/><\/figure><div class=\"elementor-image-box-content\"><h3 class=\"elementor-image-box-title\">Julia Weidenfeller<\/h3><p class=\"elementor-image-box-description\">staatl. gepr\u00fcfte Augenoptikerin, Augenoptikermeisterin<\/p><\/div><\/div>\t\t<\/div>\n\t\t\t\t<\/div>\n\t\t\t\t<div class=\"elementor-element elementor-element-dea8c4f elementor-position-left elementor-vertical-align-top elementor-widget elementor-widget-image-box\" data-id=\"dea8c4f\" data-element_type=\"widget\" data-widget_type=\"image-box.default\">\n\t\t\t\t<div class=\"elementor-widget-container\">\n\t\t\t<div class=\"elementor-image-box-wrapper\"><figure class=\"elementor-image-box-img\"><img decoding=\"async\" width=\"2560\" height=\"1849\" src=\"https:\/\/optiker-garching.de\/wp-content\/uploads\/2022\/12\/0948e2d8-scaled.jpg\" class=\"attachment-full size-full wp-image-2381\" alt=\"\" loading=\"lazy\" srcset=\"https:\/\/optiker-garching.de\/wp-content\/uploads\/2022\/12\/0948e2d8-scaled.jpg 2560w, https:\/\/optiker-garching.de\/wp-content\/uploads\/2022\/12\/0948e2d8-300x217.jpg 300w, https:\/\/optiker-garching.de\/wp-content\/uploads\/2022\/12\/0948e2d8-1024x740.jpg 1024w, https:\/\/optiker-garching.de\/wp-content\/uploads\/2022\/12\/0948e2d8-768x555.jpg 768w, https:\/\/optiker-garching.de\/wp-content\/uploads\/2022\/12\/0948e2d8-1536x1109.jpg 1536w, https:\/\/optiker-garching.de\/wp-content\/uploads\/2022\/12\/0948e2d8-2048x1479.jpg 2048w\" sizes=\"(max-width: 2560px) 100vw, 2560px\" \/><\/figure><div class=\"elementor-image-box-content\"><h3 class=\"elementor-image-box-title\">Thomas Weidenfeller<\/h3><p class=\"elementor-image-box-description\">Augenoptiker<\/p><\/div><\/div>\t\t<\/div>\n\t\t\t\t<\/div>\n\t\t\t\t\t<\/div>\n\t\t<\/div>\n\t\t\t\t\t\t\t<\/div>\n\t\t<\/section>\n\t\t\t\t\t\t\t<\/div>\n\t\t","protected":false},"excerpt":{"rendered":"<p>Team Birgit Altmeyer Augenoptikerin, Gesch\u00e4ftsf\u00fchrerin, Gesellschafterin Julia Weidenfeller staatl. gepr\u00fcfte Augenoptikerin, Augenoptikermeisterin Thomas Weidenfeller Augenoptiker<\/p>\n","protected":false},"author":1,"featured_media":0,"parent":0,"menu_order":0,"comment_status":"closed","ping_status":"closed","template":"","meta":{"site-sidebar-layout":"no-sidebar","site-content-layout":"page-builder","ast-global-header-display":"","ast-main-header-display":"","ast-hfb-above-header-display":"","ast-hfb-below-header-display":"","ast-hfb-mobile-header-display":"","site-post-title":"disabled","ast-breadcrumbs-content":"","ast-featured-img":"disabled","footer-sml-layout":"","theme-transparent-header-meta":"","adv-header-id-meta":"","stick-header-meta":"","header-above-stick-meta":"","header-main-stick-meta":"","header-below-stick-meta":""},"_links":{"self":[{"href":"https:\/\/optiker-garching.de\/index.php?rest_route=\/wp\/v2\/pages\/1489"}],"collection":[{"href":"https:\/\/optiker-garching.de\/index.php?rest_route=\/wp\/v2\/pages"}],"about":[{"href":"https:\/\/optiker-garching.de\/index.php?rest_route=\/wp\/v2\/types\/page"}],"author":[{"embeddable":true,"href":"https:\/\/optiker-garching.de\/index.php?rest_route=\/wp\/v2\/users\/1"}],"replies":[{"embeddable":true,"href":"https:\/\/optiker-garching.de\/index.php?rest_route=%2Fwp%2Fv2%2Fcomments&post=1489"}],"version-history":[{"count":25,"href":"https:\/\/optiker-garching.de\/index.php?rest_route=\/wp\/v2\/pages\/1489\/revisions"}],"predecessor-version":[{"id":2746,"href":"https:\/\/optiker-garching.de\/index.php?rest_route=\/wp\/v2\/pages\/1489\/revisions\/2746"}],"wp:attachment":[{"href":"https:\/\/optiker-garching.de\/index.php?rest_route=%2Fwp%2Fv2%2Fmedia&parent=1489"}],"curies":[{"name":"wp","href":"https:\/\/api.w.org\/{rel}","templated":true}]}}