{"id":1497,"date":"2022-01-29T13:53:20","date_gmt":"2022-01-29T12:53:20","guid":{"rendered":"https:\/\/optiker-garching.de\/?page_id=1497"},"modified":"2022-03-02T16:21:47","modified_gmt":"2022-03-02T15:21:47","slug":"kontaktlinsen","status":"publish","type":"page","link":"https:\/\/optiker-garching.de\/?page_id=1497","title":{"rendered":"Kontaktlinsen"},"content":{"rendered":"\t\t<div data-elementor-type=\"wp-page\" data-elementor-id=\"1497\" class=\"elementor elementor-1497\">\n\t\t\t\t\t\t\t\t\t<section class=\"elementor-section elementor-top-section elementor-element elementor-element-9778326 elementor-section-boxed elementor-section-height-default elementor-section-height-default\" data-id=\"9778326\" data-element_type=\"section\">\n\t\t\t\t\t\t<div class=\"elementor-container elementor-column-gap-default\">\n\t\t\t\t\t<div class=\"elementor-column elementor-col-100 elementor-top-column elementor-element elementor-element-fb574b3\" data-id=\"fb574b3\" data-element_type=\"column\">\n\t\t\t<div class=\"elementor-widget-wrap elementor-element-populated\">\n\t\t\t\t\t\t\t\t<div class=\"elementor-element elementor-element-e77e291 elementor-widget elementor-widget-heading\" data-id=\"e77e291\" data-element_type=\"widget\" data-widget_type=\"heading.default\">\n\t\t\t\t<div class=\"elementor-widget-container\">\n\t\t\t<style>\/*! elementor - v3.11.1 - 15-02-2023 *\/\n.elementor-heading-title{padding:0;margin:0;line-height:1}.elementor-widget-heading .elementor-heading-title[class*=elementor-size-]>a{color:inherit;font-size:inherit;line-height:inherit}.elementor-widget-heading .elementor-heading-title.elementor-size-small{font-size:15px}.elementor-widget-heading .elementor-heading-title.elementor-size-medium{font-size:19px}.elementor-widget-heading .elementor-heading-title.elementor-size-large{font-size:29px}.elementor-widget-heading .elementor-heading-title.elementor-size-xl{font-size:39px}.elementor-widget-heading .elementor-heading-title.elementor-size-xxl{font-size:59px}<\/style><h2 class=\"elementor-heading-title elementor-size-default\">Kontaktlinsen<\/h2>\t\t<\/div>\n\t\t\t\t<\/div>\n\t\t\t\t\t<\/div>\n\t\t<\/div>\n\t\t\t\t\t\t\t<\/div>\n\t\t<\/section>\n\t\t\t\t<section class=\"elementor-section elementor-top-section elementor-element elementor-element-fbc1c61 elementor-section-boxed elementor-section-height-default elementor-section-height-default\" data-id=\"fbc1c61\" data-element_type=\"section\">\n\t\t\t\t\t\t<div class=\"elementor-container elementor-column-gap-default\">\n\t\t\t\t\t<div class=\"elementor-column elementor-col-100 elementor-top-column elementor-element elementor-element-ca472c4\" data-id=\"ca472c4\" data-element_type=\"column\">\n\t\t\t<div class=\"elementor-widget-wrap elementor-element-populated\">\n\t\t\t\t\t\t\t\t<div class=\"elementor-element elementor-element-4bdcf6f elementor-widget elementor-widget-text-editor\" data-id=\"4bdcf6f\" data-element_type=\"widget\" data-widget_type=\"text-editor.default\">\n\t\t\t\t<div class=\"elementor-widget-container\">\n\t\t\t<style>\/*! elementor - v3.11.1 - 15-02-2023 *\/\n.elementor-widget-text-editor.elementor-drop-cap-view-stacked .elementor-drop-cap{background-color:#818a91;color:#fff}.elementor-widget-text-editor.elementor-drop-cap-view-framed .elementor-drop-cap{color:#818a91;border:3px solid;background-color:transparent}.elementor-widget-text-editor:not(.elementor-drop-cap-view-default) .elementor-drop-cap{margin-top:8px}.elementor-widget-text-editor:not(.elementor-drop-cap-view-default) .elementor-drop-cap-letter{width:1em;height:1em}.elementor-widget-text-editor .elementor-drop-cap{float:left;text-align:center;line-height:1;font-size:50px}.elementor-widget-text-editor .elementor-drop-cap-letter{display:inline-block}<\/style>\t\t\t\t<p>Durch die unterschiedliche Kr\u00fcmmung der Hornhaut und der individuellen Beschaffenheit der Augen ist eine individuelle Kontaktlinsenanpassung das A und O. Den eine falsche oder gar nicht angepasste Kontaktlinse kann zu Verformungen der Hornhaut und zu Unvertr\u00e4glichkeiten der Kontaktlinsen <br \/>f\u00fchren.<\/p><p><br \/>Bei uns erhalten Sie Ihre individuell, auf Ihre Augen angepassten Kontaktlinsen.\u00a0<\/p><p>\u00a0<\/p><p>Dabei werden verschiedene Kontaktlinsenarten unterschieden:<br \/>\u2022 Formstabile, hochgasdurchl\u00e4ssige Kontaktlinsen<br \/>\u2022 Weiche Kontaktlinsen (Tageslinsen, 2- und 4-Wochenlinsen)<\/p><p>\u00a0<\/p><p>Spezial-Kontaktlinsen:<br \/>\u2022 Multifokale Kontaktlinsen (Mehrst\u00e4rkenkontaktlinsen)<br \/>\u2022 Individuelle Kontaktlinsen (z.B. bei starker Hornhautverkr\u00fcmmung, Keratokonus)<\/p><p><br \/>Die Kontaktlinse ist f\u00fcr viele Brillentr\u00e4ger im Beruf oder in der Freizeit eine echte Alternative zur Brille geworden.<\/p><p>F\u00fcr die Auswahl der richtigen Kontaktlinsen ist eine genaue Untersuchung der Augen durch unsere Kontaktlinsenspezialisten ebenso wichtig wie die ausf\u00fchrliche Beratung \u00fcber die verschiedenen Materialien, um den bestm\u00f6glichen Tragekomfort zu erreichen.<\/p><p>\u00a0<\/p><p>Die wesentlichen Vorteile der Kontaktlinsen sind:<br \/>\u2022 Eventuelle Verbesserung der Sehleistung gegen\u00fcber der Brille.<br \/>\u2022 Kein Beschlagen in der kalten Jahreszeit bei Temperaturwechsel oder beim Tragen einer Maske<br \/>\u2022 Keine Einschr\u00e4nkung des Blickfeldes.<br \/>\u2022 Unbeschwertes Sehen beim Sport.<\/p><p>\u00a0<\/p><p>Welche Kontaktlinsen f\u00fcr Sie optimal sind, dar\u00fcber beraten Sie sehr gerne unsere qualifizierten Kontaktlinsenanpasser.<\/p>\t\t\t\t\t\t<\/div>\n\t\t\t\t<\/div>\n\t\t\t\t<div class=\"elementor-element elementor-element-5d2cab0 elementor-widget elementor-widget-image\" data-id=\"5d2cab0\" data-element_type=\"widget\" data-widget_type=\"image.default\">\n\t\t\t\t<div class=\"elementor-widget-container\">\n\t\t\t<style>\/*! elementor - v3.11.1 - 15-02-2023 *\/\n.elementor-widget-image{text-align:center}.elementor-widget-image a{display:inline-block}.elementor-widget-image a img[src$=\".svg\"]{width:48px}.elementor-widget-image img{vertical-align:middle;display:inline-block}<\/style>\t\t\t\t\t\t\t\t\t\t\t\t<img decoding=\"async\" width=\"300\" height=\"281\" src=\"https:\/\/optiker-garching.de\/wp-content\/uploads\/2022\/03\/Screenshot-18-300x281.png\" class=\"attachment-medium size-medium wp-image-2006\" alt=\"\" loading=\"lazy\" srcset=\"https:\/\/optiker-garching.de\/wp-content\/uploads\/2022\/03\/Screenshot-18-300x281.png 300w, https:\/\/optiker-garching.de\/wp-content\/uploads\/2022\/03\/Screenshot-18.png 744w\" sizes=\"(max-width: 300px) 100vw, 300px\" \/>\t\t\t\t\t\t\t\t\t\t\t\t\t\t\t<\/div>\n\t\t\t\t<\/div>\n\t\t\t\t\t<\/div>\n\t\t<\/div>\n\t\t\t\t\t\t\t<\/div>\n\t\t<\/section>\n\t\t\t\t<section class=\"elementor-section elementor-top-section elementor-element elementor-element-a1ac0e2 elementor-section-boxed elementor-section-height-default elementor-section-height-default\" data-id=\"a1ac0e2\" data-element_type=\"section\">\n\t\t\t\t\t\t<div class=\"elementor-container elementor-column-gap-default\">\n\t\t\t\t\t<div class=\"elementor-column elementor-col-100 elementor-top-column elementor-element elementor-element-86069cf\" data-id=\"86069cf\" data-element_type=\"column\">\n\t\t\t<div class=\"elementor-widget-wrap\">\n\t\t\t\t\t\t\t\t\t<\/div>\n\t\t<\/div>\n\t\t\t\t\t\t\t<\/div>\n\t\t<\/section>\n\t\t\t\t\t\t\t<\/div>\n\t\t","protected":false},"excerpt":{"rendered":"<p>Kontaktlinsen Durch die unterschiedliche Kr\u00fcmmung der Hornhaut und der individuellen Beschaffenheit der Augen ist eine individuelle Kontaktlinsenanpassung das A und O. Den eine falsche oder gar nicht angepasste Kontaktlinse kann &hellip;<\/p>\n<p class=\"read-more\"> <a class=\"\" href=\"https:\/\/optiker-garching.de\/?page_id=1497\"> <span class=\"screen-reader-text\">Kontaktlinsen<\/span> Weiterlesen &raquo;<\/a><\/p>\n","protected":false},"author":1,"featured_media":0,"parent":0,"menu_order":0,"comment_status":"closed","ping_status":"closed","template":"","meta":{"site-sidebar-layout":"no-sidebar","site-content-layout":"page-builder","ast-global-header-display":"","ast-main-header-display":"","ast-hfb-above-header-display":"","ast-hfb-below-header-display":"","ast-hfb-mobile-header-display":"","site-post-title":"disabled","ast-breadcrumbs-content":"","ast-featured-img":"disabled","footer-sml-layout":"","theme-transparent-header-meta":"","adv-header-id-meta":"","stick-header-meta":"","header-above-stick-meta":"","header-main-stick-meta":"","header-below-stick-meta":""},"_links":{"self":[{"href":"https:\/\/optiker-garching.de\/index.php?rest_route=\/wp\/v2\/pages\/1497"}],"collection":[{"href":"https:\/\/optiker-garching.de\/index.php?rest_route=\/wp\/v2\/pages"}],"about":[{"href":"https:\/\/optiker-garching.de\/index.php?rest_route=\/wp\/v2\/types\/page"}],"author":[{"embeddable":true,"href":"https:\/\/optiker-garching.de\/index.php?rest_route=\/wp\/v2\/users\/1"}],"replies":[{"embeddable":true,"href":"https:\/\/optiker-garching.de\/index.php?rest_route=%2Fwp%2Fv2%2Fcomments&post=1497"}],"version-history":[{"count":13,"href":"https:\/\/optiker-garching.de\/index.php?rest_route=\/wp\/v2\/pages\/1497\/revisions"}],"predecessor-version":[{"id":2013,"href":"https:\/\/optiker-garching.de\/index.php?rest_route=\/wp\/v2\/pages\/1497\/revisions\/2013"}],"wp:attachment":[{"href":"https:\/\/optiker-garching.de\/index.php?rest_route=%2Fwp%2Fv2%2Fmedia&parent=1497"}],"curies":[{"name":"wp","href":"https:\/\/api.w.org\/{rel}","templated":true}]}}