{"id":1505,"date":"2022-01-29T13:56:03","date_gmt":"2022-01-29T12:56:03","guid":{"rendered":"https:\/\/optiker-garching.de\/?page_id=1505"},"modified":"2022-07-07T18:34:39","modified_gmt":"2022-07-07T16:34:39","slug":"impressum","status":"publish","type":"page","link":"https:\/\/optiker-garching.de\/?page_id=1505","title":{"rendered":"Impressum"},"content":{"rendered":"\t\t<div data-elementor-type=\"wp-page\" data-elementor-id=\"1505\" class=\"elementor elementor-1505\">\n\t\t\t\t\t\t\t\t\t<section class=\"elementor-section elementor-top-section elementor-element elementor-element-22b1d22 elementor-section-boxed elementor-section-height-default elementor-section-height-default\" data-id=\"22b1d22\" data-element_type=\"section\">\n\t\t\t\t\t\t<div class=\"elementor-container elementor-column-gap-default\">\n\t\t\t\t\t<div class=\"elementor-column elementor-col-100 elementor-top-column elementor-element elementor-element-5f2354a\" data-id=\"5f2354a\" data-element_type=\"column\">\n\t\t\t<div class=\"elementor-widget-wrap elementor-element-populated\">\n\t\t\t\t\t\t\t\t<div class=\"elementor-element elementor-element-a4211fb elementor-widget elementor-widget-heading\" data-id=\"a4211fb\" data-element_type=\"widget\" data-widget_type=\"heading.default\">\n\t\t\t\t<div class=\"elementor-widget-container\">\n\t\t\t<style>\/*! elementor - v3.11.1 - 15-02-2023 *\/\n.elementor-heading-title{padding:0;margin:0;line-height:1}.elementor-widget-heading .elementor-heading-title[class*=elementor-size-]>a{color:inherit;font-size:inherit;line-height:inherit}.elementor-widget-heading .elementor-heading-title.elementor-size-small{font-size:15px}.elementor-widget-heading .elementor-heading-title.elementor-size-medium{font-size:19px}.elementor-widget-heading .elementor-heading-title.elementor-size-large{font-size:29px}.elementor-widget-heading .elementor-heading-title.elementor-size-xl{font-size:39px}.elementor-widget-heading .elementor-heading-title.elementor-size-xxl{font-size:59px}<\/style><h2 class=\"elementor-heading-title elementor-size-default\">Impressum<\/h2>\t\t<\/div>\n\t\t\t\t<\/div>\n\t\t\t\t\t<\/div>\n\t\t<\/div>\n\t\t\t\t\t\t\t<\/div>\n\t\t<\/section>\n\t\t\t\t<section class=\"elementor-section elementor-top-section elementor-element elementor-element-8a1b616 elementor-section-boxed elementor-section-height-default elementor-section-height-default\" data-id=\"8a1b616\" data-element_type=\"section\">\n\t\t\t\t\t\t<div class=\"elementor-container elementor-column-gap-default\">\n\t\t\t\t\t<div class=\"elementor-column elementor-col-100 elementor-top-column elementor-element elementor-element-38356e5\" data-id=\"38356e5\" data-element_type=\"column\">\n\t\t\t<div class=\"elementor-widget-wrap elementor-element-populated\">\n\t\t\t\t\t\t\t\t<div class=\"elementor-element elementor-element-1bb7555 elementor-widget elementor-widget-text-editor\" data-id=\"1bb7555\" data-element_type=\"widget\" data-widget_type=\"text-editor.default\">\n\t\t\t\t<div class=\"elementor-widget-container\">\n\t\t\t<style>\/*! elementor - v3.11.1 - 15-02-2023 *\/\n.elementor-widget-text-editor.elementor-drop-cap-view-stacked .elementor-drop-cap{background-color:#818a91;color:#fff}.elementor-widget-text-editor.elementor-drop-cap-view-framed .elementor-drop-cap{color:#818a91;border:3px solid;background-color:transparent}.elementor-widget-text-editor:not(.elementor-drop-cap-view-default) .elementor-drop-cap{margin-top:8px}.elementor-widget-text-editor:not(.elementor-drop-cap-view-default) .elementor-drop-cap-letter{width:1em;height:1em}.elementor-widget-text-editor .elementor-drop-cap{float:left;text-align:center;line-height:1;font-size:50px}.elementor-widget-text-editor .elementor-drop-cap-letter{display:inline-block}<\/style>\t\t\t\t<div class=\"textLayer\">\n<p><strong><span dir=\"ltr\" role=\"presentation\">Angaben gem\u00e4\u00df \u00a7 5 TMG<\/span><\/strong><br role=\"presentation\"><span dir=\"ltr\" role=\"presentation\"><br><\/span><\/p>\n<p><span dir=\"ltr\" role=\"presentation\">pro-optic h\u00f6rakustik GmbH<\/span><br role=\"presentation\"><span dir=\"ltr\" role=\"presentation\">M\u00fcnchener Stra\u00dfe 7<\/span><br role=\"presentation\"><span dir=\"ltr\" role=\"presentation\">85748 Garching<\/span><br role=\"presentation\"><span dir=\"ltr\" role=\"presentation\"><br><\/span><\/p>\n<p><span dir=\"ltr\" role=\"presentation\">Handelsregister: 99375<\/span><br role=\"presentation\"><span dir=\"ltr\" role=\"presentation\">Registergericht: Amtsgericht M\u00fcnchen<\/span><\/p>\n<p><br role=\"presentation\"><span dir=\"ltr\" role=\"presentation\"><b>Vertreten durch:<\/b><\/span><br role=\"presentation\"><span dir=\"ltr\" role=\"presentation\">Birgit Altmeyer (Gesch\u00e4ftsf\u00fchrerin, Gesellschafterin)<\/span><\/p>\n<p><br role=\"presentation\"><span dir=\"ltr\" role=\"presentation\"><b>Kontakt<\/b><\/span><br role=\"presentation\"><span dir=\"ltr\" role=\"presentation\">Telefon: 089-3261260<\/span><br role=\"presentation\"><span dir=\"ltr\" role=\"presentation\">E-Mail: info@optiker-garching.de<\/span><\/p>\n<p><b><br role=\"presentation\"><span dir=\"ltr\" role=\"presentation\">Umsatzsteuer-ID<\/span><\/b><br role=\"presentation\"><span dir=\"ltr\" role=\"presentation\">Umsatzsteuer-Identifikationsnummer gem\u00e4\u00df \u00a7 27 a Umsatzsteuergesetz:<\/span><br role=\"presentation\"><span dir=\"ltr\" role=\"presentation\">129 442 836<\/span><\/p>\n<p><br role=\"presentation\"><span dir=\"ltr\" role=\"presentation\"><b>Aufsichtsbeh\u00f6rde<\/b><\/span><br role=\"presentation\"><span dir=\"ltr\" role=\"presentation\">Handwerkskammer f\u00fcr M\u00fcnchen und Oberbayern<\/span><br role=\"presentation\"><span dir=\"ltr\" role=\"presentation\">Max-Joseph-Stra\u00dfe 4<\/span><br role=\"presentation\"><span dir=\"ltr\" role=\"presentation\">80333 M\u00fcnchen<\/span><\/p>\n<p><br role=\"presentation\"><span dir=\"ltr\" role=\"presentation\">http:\/\/www.hwk-muenchen.de\/<\/span><\/p>\n<p><br role=\"presentation\"><b><span dir=\"ltr\" role=\"presentation\">Berufsrechtliche Regelungen&nbsp;<\/span><span dir=\"ltr\" role=\"presentation\">Berufsbezeichnung:<\/span><\/b><\/p>\n<div class=\"endOfContent\">\n<div class=\"textLayer\">\n<p><span dir=\"ltr\" role=\"presentation\">Zust\u00e4ndige Kammer:<\/span><br role=\"presentation\"><span dir=\"ltr\" role=\"presentation\">Handwerkskammer f\u00fcr M\u00fcnchen und Oberbayern<\/span><br role=\"presentation\"><span dir=\"ltr\" role=\"presentation\">Max-Joseph-Stra\u00dfe 4<\/span><br role=\"presentation\"><span dir=\"ltr\" role=\"presentation\">80333 M\u00fcnchen<\/span><\/p>\n<p><br role=\"presentation\"><span dir=\"ltr\" role=\"presentation\">Es gelten folgende berufsrechtliche Regelungen:<\/span><\/p>\n<p><br role=\"presentation\"><span dir=\"ltr\" role=\"presentation\">Handwerksordnung (HWO) in der jeweils g\u00fcltigen Fassung<\/span><br role=\"presentation\"><span dir=\"ltr\" role=\"presentation\">einsehbar unter:<\/span><br role=\"presentation\"><span dir=\"ltr\" role=\"presentation\">https:\/\/www.gesetze-im-internet.de\/hwo\/BJNR014110953.html<\/span><\/p>\n<p><br role=\"presentation\"><span dir=\"ltr\" role=\"presentation\"><b>Redaktionell verantwortlich<\/b><\/span><br role=\"presentation\"><span dir=\"ltr\" role=\"presentation\"><br><\/span><\/p>\n<p><span dir=\"ltr\" role=\"presentation\">Birgit Altmeyer<\/span><\/p>\n<p><br role=\"presentation\"><span dir=\"ltr\" role=\"presentation\"><b>EU-Streitschlichtung<\/b><\/span><\/p>\n<p><b><br role=\"presentation\"><\/b><span dir=\"ltr\" role=\"presentation\">Die Europ\u00e4ische Kommission stellt eine Plattform zur Online-Streitbeilegung (OS) bereit:<\/span><br role=\"presentation\"><span dir=\"ltr\" role=\"presentation\">https:\/\/ec.europa.eu\/consumers\/odr\/<\/span><span dir=\"ltr\" role=\"presentation\">.<\/span><\/p>\n<p><span dir=\"ltr\" role=\"presentation\">Unsere E-Mail-Adresse finden Sie oben im Impressum.<\/span><\/p>\n<p><br role=\"presentation\"><span dir=\"ltr\" role=\"presentation\"><b>Verbraucherstreitbeilegung\/Universalschlichtungsstelle<\/b><\/span><\/p>\n<p><b><br role=\"presentation\"><\/b><span dir=\"ltr\" role=\"presentation\">Wir sind nicht bereit oder verpflichtet, an Streitbeilegungsverfahren vor einer<\/span><br role=\"presentation\"><span dir=\"ltr\" role=\"presentation\">Verbraucherschlichtungsstelle teilzunehmen.<\/span><\/p>\n<p><br role=\"presentation\"><span dir=\"ltr\" role=\"presentation\">Quelle:<\/span><br role=\"presentation\"><span dir=\"ltr\" role=\"presentation\">e-recht24.de<\/span><\/p>\n<div class=\"endOfContent\">&nbsp;<\/div>\n<\/div>\n<div class=\"annotationLayer\">&nbsp;<\/div>\n<\/div>\n<\/div>\n<div class=\"annotationLayer\">&nbsp;<\/div>\n<div class=\"annotationLayer\">&nbsp;<\/div>\n<div class=\"annotationLayer\">&nbsp;<\/div>\n<div class=\"annotationLayer\">&nbsp;<\/div>\t\t\t\t\t\t<\/div>\n\t\t\t\t<\/div>\n\t\t\t\t\t<\/div>\n\t\t<\/div>\n\t\t\t\t\t\t\t<\/div>\n\t\t<\/section>\n\t\t\t\t\t\t\t<\/div>\n\t\t","protected":false},"excerpt":{"rendered":"<p>Impressum Angaben gem\u00e4\u00df \u00a7 5 TMG pro-optic h\u00f6rakustik GmbHM\u00fcnchener Stra\u00dfe 785748 Garching Handelsregister: 99375Registergericht: Amtsgericht M\u00fcnchen Vertreten durch:Birgit Altmeyer (Gesch\u00e4ftsf\u00fchrerin, Gesellschafterin) KontaktTelefon: 089-3261260E-Mail: info@optiker-garching.de Umsatzsteuer-IDUmsatzsteuer-Identifikationsnummer gem\u00e4\u00df \u00a7 27 a Umsatzsteuergesetz:129 &hellip;<\/p>\n<p class=\"read-more\"> <a class=\"\" href=\"https:\/\/optiker-garching.de\/?page_id=1505\"> <span class=\"screen-reader-text\">Impressum<\/span> Weiterlesen &raquo;<\/a><\/p>\n","protected":false},"author":1,"featured_media":0,"parent":0,"menu_order":0,"comment_status":"closed","ping_status":"closed","template":"","meta":{"site-sidebar-layout":"no-sidebar","site-content-layout":"page-builder","ast-global-header-display":"","ast-main-header-display":"","ast-hfb-above-header-display":"","ast-hfb-below-header-display":"","ast-hfb-mobile-header-display":"","site-post-title":"disabled","ast-breadcrumbs-content":"","ast-featured-img":"disabled","footer-sml-layout":"","theme-transparent-header-meta":"","adv-header-id-meta":"","stick-header-meta":"","header-above-stick-meta":"","header-main-stick-meta":"","header-below-stick-meta":""},"_links":{"self":[{"href":"https:\/\/optiker-garching.de\/index.php?rest_route=\/wp\/v2\/pages\/1505"}],"collection":[{"href":"https:\/\/optiker-garching.de\/index.php?rest_route=\/wp\/v2\/pages"}],"about":[{"href":"https:\/\/optiker-garching.de\/index.php?rest_route=\/wp\/v2\/types\/page"}],"author":[{"embeddable":true,"href":"https:\/\/optiker-garching.de\/index.php?rest_route=\/wp\/v2\/users\/1"}],"replies":[{"embeddable":true,"href":"https:\/\/optiker-garching.de\/index.php?rest_route=%2Fwp%2Fv2%2Fcomments&post=1505"}],"version-history":[{"count":31,"href":"https:\/\/optiker-garching.de\/index.php?rest_route=\/wp\/v2\/pages\/1505\/revisions"}],"predecessor-version":[{"id":2241,"href":"https:\/\/optiker-garching.de\/index.php?rest_route=\/wp\/v2\/pages\/1505\/revisions\/2241"}],"wp:attachment":[{"href":"https:\/\/optiker-garching.de\/index.php?rest_route=%2Fwp%2Fv2%2Fmedia&parent=1505"}],"curies":[{"name":"wp","href":"https:\/\/api.w.org\/{rel}","templated":true}]}}