{"id":1618,"date":"2022-01-29T16:58:34","date_gmt":"2022-01-29T15:58:34","guid":{"rendered":"https:\/\/optiker-garching.de\/?page_id=1618"},"modified":"2022-06-29T14:03:46","modified_gmt":"2022-06-29T12:03:46","slug":"termin-vereinbaren","status":"publish","type":"page","link":"https:\/\/optiker-garching.de\/?page_id=1618","title":{"rendered":"Terminvereinbarung"},"content":{"rendered":"\t\t<div data-elementor-type=\"wp-page\" data-elementor-id=\"1618\" class=\"elementor elementor-1618\">\n\t\t\t\t\t\t\t\t\t<section class=\"elementor-section elementor-top-section elementor-element elementor-element-d310959 elementor-section-boxed elementor-section-height-default elementor-section-height-default\" data-id=\"d310959\" data-element_type=\"section\">\n\t\t\t\t\t\t<div class=\"elementor-container elementor-column-gap-default\">\n\t\t\t\t\t<div class=\"elementor-column elementor-col-100 elementor-top-column elementor-element elementor-element-6f95150a\" data-id=\"6f95150a\" data-element_type=\"column\">\n\t\t\t<div class=\"elementor-widget-wrap elementor-element-populated\">\n\t\t\t\t\t\t\t\t<div class=\"elementor-element elementor-element-4a2e5c69 elementor-widget elementor-widget-text-editor\" data-id=\"4a2e5c69\" data-element_type=\"widget\" data-widget_type=\"text-editor.default\">\n\t\t\t\t<div class=\"elementor-widget-container\">\n\t\t\t<style>\/*! elementor - v3.11.1 - 15-02-2023 *\/\n.elementor-widget-text-editor.elementor-drop-cap-view-stacked .elementor-drop-cap{background-color:#818a91;color:#fff}.elementor-widget-text-editor.elementor-drop-cap-view-framed .elementor-drop-cap{color:#818a91;border:3px solid;background-color:transparent}.elementor-widget-text-editor:not(.elementor-drop-cap-view-default) .elementor-drop-cap{margin-top:8px}.elementor-widget-text-editor:not(.elementor-drop-cap-view-default) .elementor-drop-cap-letter{width:1em;height:1em}.elementor-widget-text-editor .elementor-drop-cap{float:left;text-align:center;line-height:1;font-size:50px}.elementor-widget-text-editor .elementor-drop-cap-letter{display:inline-block}<\/style>\t\t\t\t<!-- wp:wpforms\/form-selector {\"formId\":\"1617\"} \/-->\t\t\t\t\t\t<\/div>\n\t\t\t\t<\/div>\n\t\t\t\t\t<\/div>\n\t\t<\/div>\n\t\t\t\t\t\t\t<\/div>\n\t\t<\/section>\n\t\t\t\t<section class=\"elementor-section elementor-top-section elementor-element elementor-element-4b16062 elementor-section-boxed elementor-section-height-default elementor-section-height-default\" data-id=\"4b16062\" data-element_type=\"section\">\n\t\t\t\t\t\t<div class=\"elementor-container elementor-column-gap-default\">\n\t\t\t\t\t<div class=\"elementor-column elementor-col-100 elementor-top-column elementor-element elementor-element-6daa87f\" data-id=\"6daa87f\" data-element_type=\"column\">\n\t\t\t<div class=\"elementor-widget-wrap elementor-element-populated\">\n\t\t\t\t\t\t\t\t<div class=\"elementor-element elementor-element-1a8be67 elementor-widget elementor-widget-wpforms\" data-id=\"1a8be67\" data-element_type=\"widget\" data-widget_type=\"wpforms.default\">\n\t\t\t\t<div class=\"elementor-widget-container\">\n\t\t\t<div class=\"wpforms-container \" id=\"wpforms-1617\"><form id=\"wpforms-form-1617\" class=\"wpforms-validate wpforms-form wpforms-ajax-form\" data-formid=\"1617\" method=\"post\" enctype=\"multipart\/form-data\" action=\"\/index.php?rest_route=%2Fwp%2Fv2%2Fpages%2F1618\" data-token=\"193f7f22e439d5d9e2537fa37b2f37bb\"><noscript class=\"wpforms-error-noscript\">Bitte aktiviere JavaScript in deinem Browser, um dieses Formular fertigzustellen.<\/noscript><div class=\"wpforms-field-container\"><div id=\"wpforms-1617-field_1-container\" class=\"wpforms-field wpforms-field-name\" data-field-id=\"1\"><label class=\"wpforms-field-label\" for=\"wpforms-1617-field_1\">Name <span class=\"wpforms-required-label\">*<\/span><\/label><div class=\"wpforms-field-row wpforms-field-medium\"><div class=\"wpforms-field-row-block wpforms-first wpforms-one-half\"><input type=\"text\" id=\"wpforms-1617-field_1\" class=\"wpforms-field-name-first wpforms-field-required\" name=\"wpforms[fields][1][first]\" required><label for=\"wpforms-1617-field_1\" class=\"wpforms-field-sublabel after \">Vorname<\/label><\/div><div class=\"wpforms-field-row-block wpforms-one-half\"><input type=\"text\" id=\"wpforms-1617-field_1-last\" class=\"wpforms-field-name-last wpforms-field-required\" name=\"wpforms[fields][1][last]\" required><label for=\"wpforms-1617-field_1-last\" class=\"wpforms-field-sublabel after \">Nachname<\/label><\/div><\/div><\/div><div id=\"wpforms-1617-field_2-container\" class=\"wpforms-field wpforms-field-email\" data-field-id=\"2\"><label class=\"wpforms-field-label\" for=\"wpforms-1617-field_2\">Email <span class=\"wpforms-required-label\">*<\/span><\/label><input type=\"email\" id=\"wpforms-1617-field_2\" class=\"wpforms-field-medium wpforms-field-required\" name=\"wpforms[fields][2]\" required><\/div><div id=\"wpforms-1617-field_10-container\" class=\"wpforms-field wpforms-field-text\" data-field-id=\"10\"><label class=\"wpforms-field-label\" for=\"wpforms-1617-field_10\">Telefon<\/label><input type=\"text\" id=\"wpforms-1617-field_10\" class=\"wpforms-field-medium\" name=\"wpforms[fields][10]\" ><\/div><div id=\"wpforms-1617-field_4-container\" class=\"wpforms-field wpforms-field-radio wpforms-list-2-columns\" data-field-id=\"4\"><label class=\"wpforms-field-label\" for=\"wpforms-1617-field_4\">Art des Termins <span class=\"wpforms-required-label\">*<\/span><\/label><ul id=\"wpforms-1617-field_4\" class=\"wpforms-field-required\"><li class=\"choice-1 depth-1\"><input type=\"radio\" id=\"wpforms-1617-field_4_1\" name=\"wpforms[fields][4]\" value=\"Beratung f\u00fcr neue Brille\" required ><label class=\"wpforms-field-label-inline\" for=\"wpforms-1617-field_4_1\">Beratung f\u00fcr neue Brille<\/label><\/li><li class=\"choice-3 depth-1\"><input type=\"radio\" id=\"wpforms-1617-field_4_3\" name=\"wpforms[fields][4]\" value=\"Brille richten\" required ><label class=\"wpforms-field-label-inline\" for=\"wpforms-1617-field_4_3\">Brille richten<\/label><\/li><li class=\"choice-4 depth-1\"><input type=\"radio\" id=\"wpforms-1617-field_4_4\" name=\"wpforms[fields][4]\" value=\"Brillenreparatur\" required ><label class=\"wpforms-field-label-inline\" for=\"wpforms-1617-field_4_4\">Brillenreparatur<\/label><\/li><li class=\"choice-2 depth-1\"><input type=\"radio\" id=\"wpforms-1617-field_4_2\" name=\"wpforms[fields][4]\" value=\"Anpassung von Kontaktlinsen\" required ><label class=\"wpforms-field-label-inline\" for=\"wpforms-1617-field_4_2\">Anpassung von Kontaktlinsen<\/label><\/li><li class=\"choice-5 depth-1\"><input type=\"radio\" id=\"wpforms-1617-field_4_5\" name=\"wpforms[fields][4]\" value=\"F\u00fchrerscheinsehtest\" required ><label class=\"wpforms-field-label-inline\" for=\"wpforms-1617-field_4_5\">F\u00fchrerscheinsehtest<\/label><\/li><li class=\"choice-8 depth-1\"><input type=\"radio\" id=\"wpforms-1617-field_4_8\" name=\"wpforms[fields][4]\" value=\"Kontaktlinsennachkontrolle\" required ><label class=\"wpforms-field-label-inline\" for=\"wpforms-1617-field_4_8\">Kontaktlinsennachkontrolle<\/label><\/li><li class=\"choice-6 depth-1\"><input type=\"radio\" id=\"wpforms-1617-field_4_6\" name=\"wpforms[fields][4]\" value=\"Auswahl einer Kinderbrille \" required ><label class=\"wpforms-field-label-inline\" for=\"wpforms-1617-field_4_6\">Auswahl einer Kinderbrille <\/label><\/li><li class=\"choice-7 depth-1\"><input type=\"radio\" id=\"wpforms-1617-field_4_7\" name=\"wpforms[fields][4]\" value=\"Low Vision Beratung\" required ><label class=\"wpforms-field-label-inline\" for=\"wpforms-1617-field_4_7\">Low Vision Beratung<\/label><\/li><\/ul><\/div><div id=\"wpforms-1617-field_9-container\" class=\"wpforms-field wpforms-field-text\" data-field-id=\"9\"><label class=\"wpforms-field-label\" for=\"wpforms-1617-field_9\">Ihr Wunschdatum <span class=\"wpforms-required-label\">*<\/span><\/label><input type=\"text\" id=\"wpforms-1617-field_9\" class=\"wpforms-field-medium wpforms-field-required\" name=\"wpforms[fields][9]\" required><\/div><div id=\"wpforms-1617-field_8-container\" class=\"wpforms-field wpforms-field-checkbox wpforms-list-2-columns\" data-field-id=\"8\"><label class=\"wpforms-field-label\" for=\"wpforms-1617-field_8\">Ihre Wunschuhrzeit  <span class=\"wpforms-required-label\">*<\/span><\/label><ul id=\"wpforms-1617-field_8\" class=\"wpforms-field-required\"><li class=\"choice-1 depth-1\"><input type=\"checkbox\" id=\"wpforms-1617-field_8_1\" name=\"wpforms[fields][8][]\" value=\"10:00 - 11:00\" required ><label class=\"wpforms-field-label-inline\" for=\"wpforms-1617-field_8_1\">10:00 - 11:00<\/label><\/li><li class=\"choice-2 depth-1\"><input type=\"checkbox\" id=\"wpforms-1617-field_8_2\" name=\"wpforms[fields][8][]\" value=\"11:00 -12:00\" required ><label class=\"wpforms-field-label-inline\" for=\"wpforms-1617-field_8_2\">11:00 -12:00<\/label><\/li><li class=\"choice-3 depth-1\"><input type=\"checkbox\" id=\"wpforms-1617-field_8_3\" name=\"wpforms[fields][8][]\" value=\"12:00 - 13:00\" required ><label class=\"wpforms-field-label-inline\" for=\"wpforms-1617-field_8_3\">12:00 - 13:00<\/label><\/li><li class=\"choice-7 depth-1\"><input type=\"checkbox\" id=\"wpforms-1617-field_8_7\" name=\"wpforms[fields][8][]\" value=\"14:00 - 15:00\" required ><label class=\"wpforms-field-label-inline\" for=\"wpforms-1617-field_8_7\">14:00 - 15:00<\/label><\/li><li class=\"choice-10 depth-1\"><input type=\"checkbox\" id=\"wpforms-1617-field_8_10\" name=\"wpforms[fields][8][]\" value=\"15:00 - 16:00\" required ><label class=\"wpforms-field-label-inline\" for=\"wpforms-1617-field_8_10\">15:00 - 16:00<\/label><\/li><li class=\"choice-6 depth-1\"><input type=\"checkbox\" id=\"wpforms-1617-field_8_6\" name=\"wpforms[fields][8][]\" value=\"16:00 - 17:00\" required ><label class=\"wpforms-field-label-inline\" for=\"wpforms-1617-field_8_6\">16:00 - 17:00<\/label><\/li><li class=\"choice-5 depth-1\"><input type=\"checkbox\" id=\"wpforms-1617-field_8_5\" name=\"wpforms[fields][8][]\" value=\"17:00 - 18:00\" required ><label class=\"wpforms-field-label-inline\" for=\"wpforms-1617-field_8_5\">17:00 - 18:00<\/label><\/li><\/ul><\/div><div id=\"wpforms-1617-field_6-container\" class=\"wpforms-field wpforms-field-textarea\" data-field-id=\"6\"><label class=\"wpforms-field-label\" for=\"wpforms-1617-field_6\">Ihre Nachricht<\/label><textarea id=\"wpforms-1617-field_6\" class=\"wpforms-field-medium\" name=\"wpforms[fields][6]\" ><\/textarea><div class=\"wpforms-field-description\">Bitte beachten Sie, dass der ausgew\u00e4hlte Termin erst durch uns best\u00e4tigt werden muss. Sobald ihr Terminwunsch bei uns eingetroffen ist, erhalten Sie sobald als m\u00f6glich eine R\u00fcckmeldung. In dringenden F\u00e4llen bitten wie Sie uns per Telefon zu kontaktieren.<\/div><\/div><\/div><div class=\"wpforms-recaptcha-container wpforms-is-recaptcha\"><div class=\"g-recaptcha\" data-sitekey=\"6LdpzYQfAAAAACNcFMTxaKa-Q83St7IOw_hqvCAq\"><\/div><input type=\"text\" name=\"g-recaptcha-hidden\" class=\"wpforms-recaptcha-hidden\" style=\"position:absolute!important;clip:rect(0,0,0,0)!important;height:1px!important;width:1px!important;border:0!important;overflow:hidden!important;padding:0!important;margin:0!important;\" required><\/div><div class=\"wpforms-submit-container\"><input type=\"hidden\" name=\"wpforms[id]\" value=\"1617\"><input type=\"hidden\" name=\"wpforms[author]\" value=\"1\"><button type=\"submit\" name=\"wpforms[submit]\" id=\"wpforms-submit-1617\" class=\"wpforms-submit\" data-alt-text=\"Wird gesendet...\" data-submit-text=\"Absenden\" aria-live=\"assertive\" value=\"wpforms-submit\">Absenden<\/button><img decoding=\"async\" loading=\"lazy\" src=\"https:\/\/optiker-garching.de\/wp-content\/plugins\/wpforms-lite\/assets\/images\/submit-spin.svg\" class=\"wpforms-submit-spinner\" style=\"display: none;\" width=\"26\" height=\"26\" alt=\"Wird geladen\"><\/div><\/form><\/div>  <!-- .wpforms-container -->\t\t<\/div>\n\t\t\t\t<\/div>\n\t\t\t\t\t<\/div>\n\t\t<\/div>\n\t\t\t\t\t\t\t<\/div>\n\t\t<\/section>\n\t\t\t\t\t\t\t<\/div>\n\t\t","protected":false},"excerpt":{"rendered":"","protected":false},"author":1,"featured_media":0,"parent":1499,"menu_order":0,"comment_status":"closed","ping_status":"closed","template":"","meta":{"site-sidebar-layout":"default","site-content-layout":"default","ast-global-header-display":"","ast-main-header-display":"","ast-hfb-above-header-display":"","ast-hfb-below-header-display":"","ast-hfb-mobile-header-display":"","site-post-title":"","ast-breadcrumbs-content":"","ast-featured-img":"","footer-sml-layout":"","theme-transparent-header-meta":"","adv-header-id-meta":"","stick-header-meta":"","header-above-stick-meta":"","header-main-stick-meta":"","header-below-stick-meta":""},"_links":{"self":[{"href":"https:\/\/optiker-garching.de\/index.php?rest_route=\/wp\/v2\/pages\/1618"}],"collection":[{"href":"https:\/\/optiker-garching.de\/index.php?rest_route=\/wp\/v2\/pages"}],"about":[{"href":"https:\/\/optiker-garching.de\/index.php?rest_route=\/wp\/v2\/types\/page"}],"author":[{"embeddable":true,"href":"https:\/\/optiker-garching.de\/index.php?rest_route=\/wp\/v2\/users\/1"}],"replies":[{"embeddable":true,"href":"https:\/\/optiker-garching.de\/index.php?rest_route=%2Fwp%2Fv2%2Fcomments&post=1618"}],"version-history":[{"count":6,"href":"https:\/\/optiker-garching.de\/index.php?rest_route=\/wp\/v2\/pages\/1618\/revisions"}],"predecessor-version":[{"id":2171,"href":"https:\/\/optiker-garching.de\/index.php?rest_route=\/wp\/v2\/pages\/1618\/revisions\/2171"}],"up":[{"embeddable":true,"href":"https:\/\/optiker-garching.de\/index.php?rest_route=\/wp\/v2\/pages\/1499"}],"wp:attachment":[{"href":"https:\/\/optiker-garching.de\/index.php?rest_route=%2Fwp%2Fv2%2Fmedia&parent=1618"}],"curies":[{"name":"wp","href":"https:\/\/api.w.org\/{rel}","templated":true}]}}