{"id":1681,"date":"2022-01-30T12:17:13","date_gmt":"2022-01-30T11:17:13","guid":{"rendered":"https:\/\/optiker-garching.de\/?page_id=1681"},"modified":"2024-02-26T16:29:16","modified_gmt":"2024-02-26T15:29:16","slug":"brillenglaeser","status":"publish","type":"page","link":"https:\/\/optiker-garching.de\/?page_id=1681","title":{"rendered":"Brillengl\u00e4ser"},"content":{"rendered":"\t\t<div data-elementor-type=\"wp-page\" data-elementor-id=\"1681\" class=\"elementor elementor-1681\">\n\t\t\t\t\t\t\t\t\t<section class=\"elementor-section elementor-top-section elementor-element elementor-element-2ab2968 elementor-section-boxed elementor-section-height-default elementor-section-height-default\" data-id=\"2ab2968\" data-element_type=\"section\">\n\t\t\t\t\t\t<div class=\"elementor-container elementor-column-gap-default\">\n\t\t\t\t\t<div class=\"elementor-column elementor-col-100 elementor-top-column elementor-element elementor-element-0d98838\" data-id=\"0d98838\" data-element_type=\"column\">\n\t\t\t<div class=\"elementor-widget-wrap elementor-element-populated\">\n\t\t\t\t\t\t\t\t<div class=\"elementor-element elementor-element-2cc45c1 elementor-widget elementor-widget-heading\" data-id=\"2cc45c1\" data-element_type=\"widget\" data-widget_type=\"heading.default\">\n\t\t\t\t<div class=\"elementor-widget-container\">\n\t\t\t<style>\/*! elementor - v3.11.1 - 15-02-2023 *\/\n.elementor-heading-title{padding:0;margin:0;line-height:1}.elementor-widget-heading .elementor-heading-title[class*=elementor-size-]>a{color:inherit;font-size:inherit;line-height:inherit}.elementor-widget-heading .elementor-heading-title.elementor-size-small{font-size:15px}.elementor-widget-heading .elementor-heading-title.elementor-size-medium{font-size:19px}.elementor-widget-heading .elementor-heading-title.elementor-size-large{font-size:29px}.elementor-widget-heading .elementor-heading-title.elementor-size-xl{font-size:39px}.elementor-widget-heading .elementor-heading-title.elementor-size-xxl{font-size:59px}<\/style><h2 class=\"elementor-heading-title elementor-size-default\">Brillengl\u00e4ser<\/h2>\t\t<\/div>\n\t\t\t\t<\/div>\n\t\t\t\t\t<\/div>\n\t\t<\/div>\n\t\t\t\t\t\t\t<\/div>\n\t\t<\/section>\n\t\t\t\t<section class=\"elementor-section elementor-top-section elementor-element elementor-element-4fe861b elementor-section-boxed elementor-section-height-default elementor-section-height-default\" data-id=\"4fe861b\" data-element_type=\"section\">\n\t\t\t\t\t\t<div class=\"elementor-container elementor-column-gap-default\">\n\t\t\t\t\t<div class=\"elementor-column elementor-col-100 elementor-top-column elementor-element elementor-element-e273c02\" data-id=\"e273c02\" data-element_type=\"column\">\n\t\t\t<div class=\"elementor-widget-wrap elementor-element-populated\">\n\t\t\t\t\t\t\t\t<div class=\"elementor-element elementor-element-d14ff8f elementor-widget elementor-widget-text-editor\" data-id=\"d14ff8f\" data-element_type=\"widget\" data-widget_type=\"text-editor.default\">\n\t\t\t\t<div class=\"elementor-widget-container\">\n\t\t\t<style>\/*! elementor - v3.11.1 - 15-02-2023 *\/\n.elementor-widget-text-editor.elementor-drop-cap-view-stacked .elementor-drop-cap{background-color:#818a91;color:#fff}.elementor-widget-text-editor.elementor-drop-cap-view-framed .elementor-drop-cap{color:#818a91;border:3px solid;background-color:transparent}.elementor-widget-text-editor:not(.elementor-drop-cap-view-default) .elementor-drop-cap{margin-top:8px}.elementor-widget-text-editor:not(.elementor-drop-cap-view-default) .elementor-drop-cap-letter{width:1em;height:1em}.elementor-widget-text-editor .elementor-drop-cap{float:left;text-align:center;line-height:1;font-size:50px}.elementor-widget-text-editor .elementor-drop-cap-letter{display:inline-block}<\/style>\t\t\t\t<p>Grundvoraussetzung f\u00fcr gutes Sehen in jeder Lebenslage ist die ausf\u00fchrliche und sorgf\u00e4ltige Brillenglasbestimmung.<br \/>Um Ihnen den h\u00f6chsten Sehkomfort zu bieten, werden verschiedene Brillengl\u00e4ser unterschieden:<\/p><p>\u00a0<\/p><p><b>\u2022 Einst\u00e4rkengl\u00e4ser<\/b><br \/>Einst\u00e4rkengl\u00e4ser bieten Ihnen bestes Sehen in bestimmte Entfernungen &#8211; Ferne oder N\u00e4he.<\/p><p>\u00a0<\/p><p><b>\u2022 Arbeitsplatzgl\u00e4ser\/ Officegl\u00e4ser<\/b><br \/>Kopfschmerzen. Nackenverspannung.<br \/>Kennen Sie diese Symptome, wenn Sie lange vor dem Computer gesessen haben?<br \/>Gerade w\u00e4hrend der Arbeit fixiert das Auge st\u00e4ndig verschiedene Punkte: Monitor, Schreibtisch, Kollegen. Mit der falschen Brille ist dies sehr anstrengend! Speziell daf\u00fcr wurden Arbeitsplatzgl\u00e4ser\/ Officegl\u00e4ser entwickelt.<br \/>&#8211; Sie bieten extragro\u00dfe Sehbereiche im Nah- und Zwischenbereich <br \/>&#8211; Erm\u00f6glichen damit ein entspanntes und ergonomisches Arbeiten am Arbeitsplatz, vor allem am Computer<\/p><p><b>\u2022 Gleitsichtgl\u00e4ser<\/b><br \/>Gleitsichtgl\u00e4ser bieten ein H\u00f6chstma\u00df an Sehkomfort und \u00c4sthetik.<br \/>Durch modernste Technik ist es heute m\u00f6glich, mehrere Sehbereiche ohne sichtbare Trennung in einem Glas zu vereinen.<br \/>Grundvoraussetzung, um diese Gl\u00e4ser richtig nutzen zu k\u00f6nnen, ist eine individuelle Sehst\u00e4rkenmessung von unseren qualifizierten Augenoptikern, fachgerechtes Ermitteln der Zentrierdaten und optimales Einarbeiten der Brillengl\u00e4ser in unserer hauseigenen Werkstatt.<\/p><p>Gemeinsam mit Ihnen ermitteln wir Ihre Sehgewohnheiten, um f\u00fcr Sie das optimale Gleitsichtglas mit dem bestm\u00f6glichsten Komfort zu bestimmen.<\/p><p>Wir beraten Sie gerne \u00fcber die f\u00fcr Ihre Anspr\u00fcche richtigen Brillengl\u00e4ser!<\/p>\t\t\t\t\t\t<\/div>\n\t\t\t\t<\/div>\n\t\t\t\t<div class=\"elementor-element elementor-element-fc0a5ea elementor-widget elementor-widget-heading\" data-id=\"fc0a5ea\" data-element_type=\"widget\" data-widget_type=\"heading.default\">\n\t\t\t\t<div class=\"elementor-widget-container\">\n\t\t\t<h3 class=\"elementor-heading-title elementor-size-default\">Unser Glaslieferant<\/h3>\t\t<\/div>\n\t\t\t\t<\/div>\n\t\t\t\t<section class=\"elementor-section elementor-inner-section elementor-element elementor-element-ad0ef8d elementor-section-boxed elementor-section-height-default elementor-section-height-default\" data-id=\"ad0ef8d\" data-element_type=\"section\">\n\t\t\t\t\t\t<div class=\"elementor-container elementor-column-gap-default\">\n\t\t\t\t\t<div class=\"elementor-column elementor-col-50 elementor-inner-column elementor-element elementor-element-e30fa1d\" data-id=\"e30fa1d\" data-element_type=\"column\">\n\t\t\t<div class=\"elementor-widget-wrap elementor-element-populated\">\n\t\t\t\t\t\t\t\t<div class=\"elementor-element elementor-element-3ae0d19 elementor-position-left elementor-vertical-align-top elementor-widget elementor-widget-image-box\" data-id=\"3ae0d19\" data-element_type=\"widget\" data-widget_type=\"image-box.default\">\n\t\t\t\t<div class=\"elementor-widget-container\">\n\t\t\t<style>\/*! elementor - v3.11.1 - 15-02-2023 *\/\n.elementor-widget-image-box .elementor-image-box-content{width:100%}@media (min-width:768px){.elementor-widget-image-box.elementor-position-left .elementor-image-box-wrapper,.elementor-widget-image-box.elementor-position-right .elementor-image-box-wrapper{display:flex}.elementor-widget-image-box.elementor-position-right .elementor-image-box-wrapper{text-align:right;flex-direction:row-reverse}.elementor-widget-image-box.elementor-position-left .elementor-image-box-wrapper{text-align:left;flex-direction:row}.elementor-widget-image-box.elementor-position-top .elementor-image-box-img{margin:auto}.elementor-widget-image-box.elementor-vertical-align-top .elementor-image-box-wrapper{align-items:flex-start}.elementor-widget-image-box.elementor-vertical-align-middle .elementor-image-box-wrapper{align-items:center}.elementor-widget-image-box.elementor-vertical-align-bottom .elementor-image-box-wrapper{align-items:flex-end}}@media (max-width:767px){.elementor-widget-image-box .elementor-image-box-img{margin-left:auto!important;margin-right:auto!important;margin-bottom:15px}}.elementor-widget-image-box .elementor-image-box-img{display:inline-block}.elementor-widget-image-box .elementor-image-box-title a{color:inherit}.elementor-widget-image-box .elementor-image-box-wrapper{text-align:center}.elementor-widget-image-box .elementor-image-box-description{margin:0}<\/style><div class=\"elementor-image-box-wrapper\"><figure class=\"elementor-image-box-img\"><img decoding=\"async\" width=\"300\" height=\"184\" src=\"https:\/\/optiker-garching.de\/wp-content\/uploads\/2024\/01\/logo_rod_v01_pos-300x184.png\" class=\"attachment-medium size-medium wp-image-2588\" alt=\"\" loading=\"lazy\" srcset=\"https:\/\/optiker-garching.de\/wp-content\/uploads\/2024\/01\/logo_rod_v01_pos-300x184.png 300w, https:\/\/optiker-garching.de\/wp-content\/uploads\/2024\/01\/logo_rod_v01_pos.png 619w\" sizes=\"(max-width: 300px) 100vw, 300px\" \/><\/figure><\/div>\t\t<\/div>\n\t\t\t\t<\/div>\n\t\t\t\t\t<\/div>\n\t\t<\/div>\n\t\t\t\t<div class=\"elementor-column elementor-col-50 elementor-inner-column elementor-element elementor-element-2101e1a\" data-id=\"2101e1a\" data-element_type=\"column\">\n\t\t\t<div class=\"elementor-widget-wrap\">\n\t\t\t\t\t\t\t\t\t<\/div>\n\t\t<\/div>\n\t\t\t\t\t\t\t<\/div>\n\t\t<\/section>\n\t\t\t\t\t<\/div>\n\t\t<\/div>\n\t\t\t\t\t\t\t<\/div>\n\t\t<\/section>\n\t\t\t\t\t\t\t<\/div>\n\t\t","protected":false},"excerpt":{"rendered":"<p>Brillengl\u00e4ser Grundvoraussetzung f\u00fcr gutes Sehen in jeder Lebenslage ist die ausf\u00fchrliche und sorgf\u00e4ltige Brillenglasbestimmung.Um Ihnen den h\u00f6chsten Sehkomfort zu bieten, werden verschiedene Brillengl\u00e4ser unterschieden: \u00a0 \u2022 Einst\u00e4rkengl\u00e4serEinst\u00e4rkengl\u00e4ser bieten Ihnen bestes &hellip;<\/p>\n<p class=\"read-more\"> <a class=\"\" href=\"https:\/\/optiker-garching.de\/?page_id=1681\"> <span class=\"screen-reader-text\">Brillengl\u00e4ser<\/span> Weiterlesen &raquo;<\/a><\/p>\n","protected":false},"author":1,"featured_media":0,"parent":0,"menu_order":0,"comment_status":"closed","ping_status":"closed","template":"","meta":{"site-sidebar-layout":"no-sidebar","site-content-layout":"page-builder","ast-global-header-display":"","ast-main-header-display":"","ast-hfb-above-header-display":"","ast-hfb-below-header-display":"","ast-hfb-mobile-header-display":"","site-post-title":"disabled","ast-breadcrumbs-content":"","ast-featured-img":"disabled","footer-sml-layout":"","theme-transparent-header-meta":"","adv-header-id-meta":"","stick-header-meta":"","header-above-stick-meta":"","header-main-stick-meta":"","header-below-stick-meta":""},"_links":{"self":[{"href":"https:\/\/optiker-garching.de\/index.php?rest_route=\/wp\/v2\/pages\/1681"}],"collection":[{"href":"https:\/\/optiker-garching.de\/index.php?rest_route=\/wp\/v2\/pages"}],"about":[{"href":"https:\/\/optiker-garching.de\/index.php?rest_route=\/wp\/v2\/types\/page"}],"author":[{"embeddable":true,"href":"https:\/\/optiker-garching.de\/index.php?rest_route=\/wp\/v2\/users\/1"}],"replies":[{"embeddable":true,"href":"https:\/\/optiker-garching.de\/index.php?rest_route=%2Fwp%2Fv2%2Fcomments&post=1681"}],"version-history":[{"count":14,"href":"https:\/\/optiker-garching.de\/index.php?rest_route=\/wp\/v2\/pages\/1681\/revisions"}],"predecessor-version":[{"id":2665,"href":"https:\/\/optiker-garching.de\/index.php?rest_route=\/wp\/v2\/pages\/1681\/revisions\/2665"}],"wp:attachment":[{"href":"https:\/\/optiker-garching.de\/index.php?rest_route=%2Fwp%2Fv2%2Fmedia&parent=1681"}],"curies":[{"name":"wp","href":"https:\/\/api.w.org\/{rel}","templated":true}]}}